{"id":1520,"date":"2026-03-20T11:10:38","date_gmt":"2026-03-20T11:10:38","guid":{"rendered":"https:\/\/masdelnen.es\/?page_id=1520"},"modified":"2026-04-13T17:30:44","modified_gmt":"2026-04-13T17:30:44","slug":"eventos-privados","status":"publish","type":"page","link":"https:\/\/masdelnen.es\/ca\/eventos-privados\/","title":{"rendered":"Esdeveniments privats"},"content":{"rendered":"<div data-elementor-type=\"wp-page\" data-elementor-id=\"1520\" class=\"elementor elementor-1520\">\n\t\t\t\t<div class=\"elementor-element elementor-element-79c5386 e-flex e-con-boxed e-con e-parent\" data-id=\"79c5386\" data-element_type=\"container\" data-e-type=\"container\" data-settings=\"{&quot;background_background&quot;:&quot;classic&quot;}\">\n\t\t\t\t\t<div class=\"e-con-inner\">\n\t\t<div class=\"elementor-element elementor-element-879c382 e-con-full e-flex e-con e-child\" data-id=\"879c382\" data-element_type=\"container\" data-e-type=\"container\">\n\t\t\t\t<div class=\"elementor-element elementor-element-8d6118e elementor-widget elementor-widget-heading\" data-id=\"8d6118e\" data-element_type=\"widget\" data-e-type=\"widget\" data-widget_type=\"heading.default\">\n\t\t\t\t\t<h1 class=\"elementor-heading-title elementor-size-default\">Esdeveniments privats<\/h1>\t\t\t\t<\/div>\n\t\t\t\t<div class=\"elementor-element elementor-element-106d2c1 elementor-widget elementor-widget-heading\" data-id=\"106d2c1\" data-element_type=\"widget\" data-e-type=\"widget\" data-widget_type=\"heading.default\">\n\t\t\t\t\t<h2 class=\"elementor-heading-title elementor-size-default\">Moments \u00fanics dissenyats a la teva mida<\/h2>\t\t\t\t<\/div>\n\t\t\t\t<\/div>\n\t\t\t\t\t<\/div>\n\t\t\t\t<\/div>\n\t\t<div class=\"elementor-element elementor-element-ebcdefb e-con-full e-flex e-con e-parent\" data-id=\"ebcdefb\" data-element_type=\"container\" data-e-type=\"container\">\n\t\t\t\t<div class=\"elementor-element elementor-element-a690db8 elementor-widget elementor-widget-text-editor\" data-id=\"a690db8\" data-element_type=\"widget\" data-e-type=\"widget\" data-widget_type=\"text-editor.default\">\n\t\t\t\t\t\t\t\t\t<p><strong><br><\/strong><\/p><p><strong>Mas del Nen<\/strong> es un <em>espacio \u00fanico<\/em> rodeado de naturaleza, ideal para celebrar eventos especiales en un entorno <strong>aut\u00e9ntico y vers\u00e1til<\/strong>.&nbsp;<\/p>\n<p>Cuenta con una <strong>zona exterior<\/strong> <em>chill out<\/em> con vistas id\u00edlicas a los vi\u00f1edos. En el <strong>interior<\/strong>, ofrece un <em>ambiente acogedor<\/em> con amplias cristaleras y vistas panor\u00e1micas. Adem\u00e1s, tenemos tambi\u00e9n disponible la zona de crianza con mayor capacidad<\/p>\n<p>Disponemos tambi\u00e9n de <strong>experiencias complementarias<\/strong> como <em>catas, maridajes y visitas guiadas<\/em> para enriquecer cada evento que tengas en mente.<\/p>\t\t\t\t\t\t\t\t<\/div>\n\t\t\t\t<\/div>\n\t\t<div class=\"elementor-element elementor-element-c2b1c06 e-flex e-con-boxed e-con e-parent\" data-id=\"c2b1c06\" data-element_type=\"container\" data-e-type=\"container\">\n\t\t\t\t\t<div class=\"e-con-inner\">\n\t\t\t\t<div class=\"elementor-element elementor-element-c1476ba elementor-align-center elementor-widget__width-initial elementor-widget elementor-widget-button\" data-id=\"c1476ba\" data-element_type=\"widget\" data-e-type=\"widget\" data-widget_type=\"button.default\">\n\t\t\t\t\t\t\t\t\t\t<a class=\"elementor-button elementor-button-link elementor-size-sm\" href=\"https:\/\/masdelnen.es\/ca\/contacto\/\">\n\t\t\t\t\t\t<span class=\"elementor-button-content-wrapper\">\n\t\t\t\t\t\t\t\t\t<span class=\"elementor-button-text\">CONTACTA'NS<\/span>\n\t\t\t\t\t<\/span>\n\t\t\t\t\t<\/a>\n\t\t\t\t\t\t\t\t<\/div>\n\t\t\t\t\t<\/div>\n\t\t\t\t<\/div>\n\t\t<div class=\"elementor-element elementor-element-06f58fe e-grid e-con-boxed e-con e-parent\" data-id=\"06f58fe\" data-element_type=\"container\" data-e-type=\"container\">\n\t\t\t\t\t<div class=\"e-con-inner\">\n\t\t\t\t<div class=\"elementor-element elementor-element-56e936f elementor-widget elementor-widget-image\" data-id=\"56e936f\" data-element_type=\"widget\" data-e-type=\"widget\" data-widget_type=\"image.default\">\n\t\t\t\t\t\t\t\t\t\t\t\t\t\t\t<img fetchpriority=\"high\" decoding=\"async\" width=\"724\" height=\"1024\" src=\"https:\/\/masdelnen.es\/wp-content\/uploads\/2026\/04\/2-1-724x1024.png\" class=\"attachment-large size-large wp-image-1598\" alt=\"\" srcset=\"https:\/\/masdelnen.es\/wp-content\/uploads\/2026\/04\/2-1-724x1024.png 724w, https:\/\/masdelnen.es\/wp-content\/uploads\/2026\/04\/2-1-212x300.png 212w, https:\/\/masdelnen.es\/wp-content\/uploads\/2026\/04\/2-1-768x1086.png 768w, https:\/\/masdelnen.es\/wp-content\/uploads\/2026\/04\/2-1-1086x1536.png 1086w, https:\/\/masdelnen.es\/wp-content\/uploads\/2026\/04\/2-1-8x12.png 8w, https:\/\/masdelnen.es\/wp-content\/uploads\/2026\/04\/2-1.png 1414w\" sizes=\"(max-width: 724px) 100vw, 724px\" \/>\t\t\t\t\t\t\t\t\t\t\t\t\t\t\t<\/div>\n\t\t\t\t<div class=\"elementor-element elementor-element-438a472 elementor-widget elementor-widget-image\" data-id=\"438a472\" data-element_type=\"widget\" data-e-type=\"widget\" data-widget_type=\"image.default\">\n\t\t\t\t\t\t\t\t\t\t\t\t\t\t\t<img decoding=\"async\" width=\"724\" height=\"1024\" src=\"https:\/\/masdelnen.es\/wp-content\/uploads\/2026\/04\/3-724x1024.png\" class=\"attachment-large size-large wp-image-1599\" alt=\"\" srcset=\"https:\/\/masdelnen.es\/wp-content\/uploads\/2026\/04\/3-724x1024.png 724w, https:\/\/masdelnen.es\/wp-content\/uploads\/2026\/04\/3-212x300.png 212w, https:\/\/masdelnen.es\/wp-content\/uploads\/2026\/04\/3-768x1086.png 768w, https:\/\/masdelnen.es\/wp-content\/uploads\/2026\/04\/3-1086x1536.png 1086w, https:\/\/masdelnen.es\/wp-content\/uploads\/2026\/04\/3-8x12.png 8w, https:\/\/masdelnen.es\/wp-content\/uploads\/2026\/04\/3.png 1414w\" sizes=\"(max-width: 724px) 100vw, 724px\" \/>\t\t\t\t\t\t\t\t\t\t\t\t\t\t\t<\/div>\n\t\t\t\t<div class=\"elementor-element elementor-element-78082bd elementor-widget elementor-widget-image\" data-id=\"78082bd\" data-element_type=\"widget\" data-e-type=\"widget\" data-widget_type=\"image.default\">\n\t\t\t\t\t\t\t\t\t\t\t\t\t\t\t<img decoding=\"async\" width=\"724\" height=\"1024\" src=\"https:\/\/masdelnen.es\/wp-content\/uploads\/2026\/04\/8-724x1024.png\" class=\"attachment-large size-large wp-image-1600\" alt=\"\" srcset=\"https:\/\/masdelnen.es\/wp-content\/uploads\/2026\/04\/8-724x1024.png 724w, https:\/\/masdelnen.es\/wp-content\/uploads\/2026\/04\/8-212x300.png 212w, https:\/\/masdelnen.es\/wp-content\/uploads\/2026\/04\/8-768x1086.png 768w, https:\/\/masdelnen.es\/wp-content\/uploads\/2026\/04\/8-1086x1536.png 1086w, https:\/\/masdelnen.es\/wp-content\/uploads\/2026\/04\/8-8x12.png 8w, https:\/\/masdelnen.es\/wp-content\/uploads\/2026\/04\/8.png 1414w\" sizes=\"(max-width: 724px) 100vw, 724px\" \/>\t\t\t\t\t\t\t\t\t\t\t\t\t\t\t<\/div>\n\t\t\t\t<div class=\"elementor-element elementor-element-cba9e0d elementor-widget elementor-widget-image\" data-id=\"cba9e0d\" data-element_type=\"widget\" data-e-type=\"widget\" data-widget_type=\"image.default\">\n\t\t\t\t\t\t\t\t\t\t\t\t\t\t\t<img loading=\"lazy\" decoding=\"async\" width=\"724\" height=\"1024\" src=\"https:\/\/masdelnen.es\/wp-content\/uploads\/2026\/04\/1-724x1024.png\" class=\"attachment-large size-large wp-image-1601\" alt=\"\" srcset=\"https:\/\/masdelnen.es\/wp-content\/uploads\/2026\/04\/1-724x1024.png 724w, https:\/\/masdelnen.es\/wp-content\/uploads\/2026\/04\/1-212x300.png 212w, https:\/\/masdelnen.es\/wp-content\/uploads\/2026\/04\/1-768x1086.png 768w, https:\/\/masdelnen.es\/wp-content\/uploads\/2026\/04\/1-1086x1536.png 1086w, https:\/\/masdelnen.es\/wp-content\/uploads\/2026\/04\/1-8x12.png 8w, https:\/\/masdelnen.es\/wp-content\/uploads\/2026\/04\/1.png 1414w\" sizes=\"(max-width: 724px) 100vw, 724px\" \/>\t\t\t\t\t\t\t\t\t\t\t\t\t\t\t<\/div>\n\t\t\t\t<div class=\"elementor-element elementor-element-0e6f4f2 elementor-widget elementor-widget-image\" data-id=\"0e6f4f2\" data-element_type=\"widget\" data-e-type=\"widget\" data-widget_type=\"image.default\">\n\t\t\t\t\t\t\t\t\t\t\t\t\t\t\t<img loading=\"lazy\" decoding=\"async\" width=\"724\" height=\"1024\" src=\"https:\/\/masdelnen.es\/wp-content\/uploads\/2026\/04\/4-724x1024.png\" class=\"attachment-large size-large wp-image-1602\" alt=\"\" srcset=\"https:\/\/masdelnen.es\/wp-content\/uploads\/2026\/04\/4-724x1024.png 724w, https:\/\/masdelnen.es\/wp-content\/uploads\/2026\/04\/4-212x300.png 212w, https:\/\/masdelnen.es\/wp-content\/uploads\/2026\/04\/4-768x1086.png 768w, https:\/\/masdelnen.es\/wp-content\/uploads\/2026\/04\/4-1086x1536.png 1086w, https:\/\/masdelnen.es\/wp-content\/uploads\/2026\/04\/4-8x12.png 8w, https:\/\/masdelnen.es\/wp-content\/uploads\/2026\/04\/4.png 1414w\" sizes=\"(max-width: 724px) 100vw, 724px\" \/>\t\t\t\t\t\t\t\t\t\t\t\t\t\t\t<\/div>\n\t\t\t\t<div class=\"elementor-element elementor-element-edf5188 elementor-widget elementor-widget-image\" data-id=\"edf5188\" data-element_type=\"widget\" data-e-type=\"widget\" data-widget_type=\"image.default\">\n\t\t\t\t\t\t\t\t\t\t\t\t\t\t\t<img loading=\"lazy\" decoding=\"async\" width=\"724\" height=\"1024\" src=\"https:\/\/masdelnen.es\/wp-content\/uploads\/2026\/04\/9-724x1024.png\" class=\"attachment-large size-large wp-image-1603\" alt=\"\" srcset=\"https:\/\/masdelnen.es\/wp-content\/uploads\/2026\/04\/9-724x1024.png 724w, https:\/\/masdelnen.es\/wp-content\/uploads\/2026\/04\/9-212x300.png 212w, https:\/\/masdelnen.es\/wp-content\/uploads\/2026\/04\/9-768x1086.png 768w, https:\/\/masdelnen.es\/wp-content\/uploads\/2026\/04\/9-1086x1536.png 1086w, https:\/\/masdelnen.es\/wp-content\/uploads\/2026\/04\/9-8x12.png 8w, https:\/\/masdelnen.es\/wp-content\/uploads\/2026\/04\/9.png 1414w\" sizes=\"(max-width: 724px) 100vw, 724px\" \/>\t\t\t\t\t\t\t\t\t\t\t\t\t\t\t<\/div>\n\t\t\t\t\t<\/div>\n\t\t\t\t<\/div>\n\t\t\t\t<\/div>","protected":false},"excerpt":{"rendered":"<p>Eventos Privados Momentos \u00fanicos dise\u00f1ados a tu medida Mas del Nen es un espacio \u00fanico rodeado de naturaleza, ideal para celebrar eventos especiales en un entorno aut\u00e9ntico y vers\u00e1til.&nbsp; Cuenta con una zona exterior chill out con vistas id\u00edlicas a los vi\u00f1edos. En el interior, ofrece un ambiente acogedor con amplias cristaleras y vistas panor\u00e1micas. [&hellip;]<\/p>\n","protected":false},"author":1,"featured_media":0,"parent":0,"menu_order":0,"comment_status":"closed","ping_status":"closed","template":"elementor_canvas","meta":{"footnotes":""},"class_list":["post-1520","page","type-page","status-publish","hentry"],"_links":{"self":[{"href":"https:\/\/masdelnen.es\/ca\/wp-json\/wp\/v2\/pages\/1520","targetHints":{"allow":["GET"]}}],"collection":[{"href":"https:\/\/masdelnen.es\/ca\/wp-json\/wp\/v2\/pages"}],"about":[{"href":"https:\/\/masdelnen.es\/ca\/wp-json\/wp\/v2\/types\/page"}],"author":[{"embeddable":true,"href":"https:\/\/masdelnen.es\/ca\/wp-json\/wp\/v2\/users\/1"}],"replies":[{"embeddable":true,"href":"https:\/\/masdelnen.es\/ca\/wp-json\/wp\/v2\/comments?post=1520"}],"version-history":[{"count":28,"href":"https:\/\/masdelnen.es\/ca\/wp-json\/wp\/v2\/pages\/1520\/revisions"}],"predecessor-version":[{"id":1606,"href":"https:\/\/masdelnen.es\/ca\/wp-json\/wp\/v2\/pages\/1520\/revisions\/1606"}],"wp:attachment":[{"href":"https:\/\/masdelnen.es\/ca\/wp-json\/wp\/v2\/media?parent=1520"}],"curies":[{"name":"wp","href":"https:\/\/api.w.org\/{rel}","templated":true}]}}