{"id":445,"date":"2026-01-13T09:46:13","date_gmt":"2026-01-13T09:46:13","guid":{"rendered":"https:\/\/masdelnen.cat\/?page_id=445"},"modified":"2026-03-02T14:28:34","modified_gmt":"2026-03-02T14:28:34","slug":"enoturismo","status":"publish","type":"page","link":"https:\/\/masdelnen.es\/ca\/enoturismo\/","title":{"rendered":"Enoturisme"},"content":{"rendered":"<div data-elementor-type=\"wp-page\" data-elementor-id=\"445\" class=\"elementor elementor-445\">\n\t\t\t\t<div class=\"elementor-element elementor-element-dbe289b e-flex e-con-boxed e-con e-parent\" data-id=\"dbe289b\" data-element_type=\"container\" data-e-type=\"container\" data-settings=\"{&quot;background_background&quot;:&quot;classic&quot;}\">\n\t\t\t\t\t<div class=\"e-con-inner\">\n\t\t<div class=\"elementor-element elementor-element-ac9c68e e-con-full e-flex e-con e-child\" data-id=\"ac9c68e\" data-element_type=\"container\" data-e-type=\"container\">\n\t\t\t\t<div class=\"elementor-element elementor-element-40a97e6 elementor-widget elementor-widget-heading\" data-id=\"40a97e6\" data-element_type=\"widget\" data-e-type=\"widget\" data-widget_type=\"heading.default\">\n\t\t\t\t\t<h1 class=\"elementor-heading-title elementor-size-default\">Enoturismo en Tarragona:<br> Descobreix les nostres vinyes<\/h1>\t\t\t\t<\/div>\n\t\t\t\t<div class=\"elementor-element elementor-element-2dbff05 elementor-widget elementor-widget-spacer\" data-id=\"2dbff05\" data-element_type=\"widget\" data-e-type=\"widget\" data-widget_type=\"spacer.default\">\n\t\t\t\t\t\t\t<div class=\"elementor-spacer\">\n\t\t\t<div class=\"elementor-spacer-inner\"><\/div>\n\t\t<\/div>\n\t\t\t\t\t\t<\/div>\n\t\t\t\t<\/div>\n\t\t\t\t\t<\/div>\n\t\t\t\t<\/div>\n\t\t<div class=\"elementor-element elementor-element-9994229 e-flex e-con-boxed e-con e-parent\" data-id=\"9994229\" data-element_type=\"container\" data-e-type=\"container\" data-settings=\"{&quot;background_background&quot;:&quot;classic&quot;}\">\n\t\t\t\t\t<div class=\"e-con-inner\">\n\t\t\t\t<div class=\"elementor-element elementor-element-92f9ba0 elementor-widget__width-initial elementor-widget elementor-widget-text-editor\" data-id=\"92f9ba0\" data-element_type=\"widget\" data-e-type=\"widget\" data-widget_type=\"text-editor.default\">\n\t\t\t\t\t\t\t\t\t<p>T'apropem al m\u00f3n vin\u00edcola de manera aut\u00e8ntica i en un entorn tranquil. Visita el nostre celler familiar, descobreix el proc\u00e9s d\u00b4elaboraci\u00f3 i gaudeix d\u00b4una experi\u00e8ncia \u00fanica degustant els nostres productes.<\/p>\t\t\t\t\t\t\t\t<\/div>\n\t\t\t\t\t<\/div>\n\t\t\t\t<\/div>\n\t\t<div class=\"elementor-element elementor-element-9b521ba e-flex e-con-boxed e-con e-parent\" data-id=\"9b521ba\" data-element_type=\"container\" data-e-type=\"container\">\n\t\t\t\t\t<div class=\"e-con-inner\">\n\t\t<div class=\"elementor-element elementor-element-f4c4e58 e-con-full e-flex e-con e-child\" data-id=\"f4c4e58\" data-element_type=\"container\" data-e-type=\"container\">\n\t\t<div class=\"elementor-element elementor-element-d977455 e-grid e-con-full e-con e-child\" data-id=\"d977455\" data-element_type=\"container\" data-e-type=\"container\">\n\t\t<div class=\"elementor-element elementor-element-28f4537 e-con-full e-flex e-con e-child\" data-id=\"28f4537\" data-element_type=\"container\" data-e-type=\"container\">\n\t\t\t\t<div class=\"elementor-element elementor-element-9a22c5a elementor-widget__width-initial elementor-widget elementor-widget-heading\" data-id=\"9a22c5a\" data-element_type=\"widget\" data-e-type=\"widget\" data-widget_type=\"heading.default\">\n\t\t\t\t\t<h2 class=\"elementor-heading-title elementor-size-default\">Experi\u00e8ncia <span style=\"color:#9CAF88\">\nde enoturismo en Mas del Nen<\/span><\/h2>\t\t\t\t<\/div>\n\t\t\t\t<div class=\"elementor-element elementor-element-4adc3c5 elementor-widget__width-initial elementor-widget elementor-widget-text-editor\" data-id=\"4adc3c5\" data-element_type=\"widget\" data-e-type=\"widget\" data-widget_type=\"text-editor.default\">\n\t\t\t\t\t\t\t\t\t<p><span data-olk-copy-source=\"MessageBody\">En Mas del Nen te invitamos a descubrir el vino y el vermut en su lugar de origen, rodeado de vi\u00f1edos y paisaje mediterr\u00e1neo. Nuestra experiencia de enoturismo combina la visita, el paseo entre vi\u00f1as y una cata comentada de nuestros productos, en un ambiente cercano, tranquilo y aut\u00e9ntico.<\/span><\/p><p>Un espai pensat per gaudir sense presses connectant amb el territori, la tradici\u00f3 i l'ess\u00e8ncia de cada copa.<\/p><p>Al llarg de l'any celebrem tasts especials, tallers, vesprades vin\u00edcoles i experi\u00e8ncies gastron\u00f2miques on el vi \u00e9s el fil conductor, sempre en un entorn tranquil i aut\u00e8ntic.<\/p>\t\t\t\t\t\t\t\t<\/div>\n\t\t\t\t<\/div>\n\t\t<div class=\"elementor-element elementor-element-dec8b46 e-con-full e-flex e-con e-child\" data-id=\"dec8b46\" data-element_type=\"container\" data-e-type=\"container\" data-settings=\"{&quot;background_background&quot;:&quot;classic&quot;}\">\n\t\t\t\t<\/div>\n\t\t\t\t<\/div>\n\t\t\t\t<\/div>\n\t\t\t\t\t<\/div>\n\t\t\t\t<\/div>\n\t\t<div class=\"elementor-element elementor-element-aa7e9b9 e-flex e-con-boxed e-con e-parent\" data-id=\"aa7e9b9\" data-element_type=\"container\" data-e-type=\"container\" data-settings=\"{&quot;background_background&quot;:&quot;classic&quot;}\">\n\t\t\t\t\t<div class=\"e-con-inner\">\n\t\t<div class=\"elementor-element elementor-element-a2cde1a e-con-full e-flex e-con e-child\" data-id=\"a2cde1a\" data-element_type=\"container\" data-e-type=\"container\">\n\t\t\t\t<div class=\"elementor-element elementor-element-2a15bd0 elementor-widget elementor-widget-heading\" data-id=\"2a15bd0\" data-element_type=\"widget\" data-e-type=\"widget\" data-widget_type=\"heading.default\">\n\t\t\t\t\t<h2 class=\"elementor-heading-title elementor-size-default\">Tasts dels nostres productes<\/h2>\t\t\t\t<\/div>\n\t\t\t\t<div class=\"elementor-element elementor-element-b1b2e43 elementor-widget__width-initial elementor-widget elementor-widget-text-editor\" data-id=\"b1b2e43\" data-element_type=\"widget\" data-e-type=\"widget\" data-widget_type=\"text-editor.default\">\n\t\t\t\t\t\t\t\t\t<p>En<strong>\u00a0Mas del Nen<\/strong>, els nostres tasts de <strong>vi i vermut<\/strong> ofereixen una experi\u00e8ncia <strong>propera i guiada<\/strong>, pensada per gaudir <strong>sense presses<\/strong>. Durant la visita, tastar\u00e0s una selecci\u00f3 dels nostres productes mentre t'acompanyem a descobrir els seus <strong>aromes, sabors i car\u00e0cter<\/strong>, sempre en sintonia amb l' <strong>entorn i el celler<\/strong>.<\/p>\t\t\t\t\t\t\t\t<\/div>\n\t\t\t\t<\/div>\n\t\t\t\t\t<\/div>\n\t\t\t\t<\/div>\n\t\t<div class=\"elementor-element elementor-element-5749369 e-flex e-con-boxed e-con e-parent\" data-id=\"5749369\" data-element_type=\"container\" data-e-type=\"container\" data-settings=\"{&quot;background_background&quot;:&quot;classic&quot;}\">\n\t\t\t\t\t<div class=\"e-con-inner\">\n\t\t<div class=\"elementor-element elementor-element-7915c72 e-con-full e-flex e-con e-child\" data-id=\"7915c72\" data-element_type=\"container\" data-e-type=\"container\">\n\t\t\t\t<div class=\"elementor-element elementor-element-db9fea6 elementor-widget elementor-widget-heading\" data-id=\"db9fea6\" data-element_type=\"widget\" data-e-type=\"widget\" data-widget_type=\"heading.default\">\n\t\t\t\t\t<h2 class=\"elementor-heading-title elementor-size-default\">Esdeveniments <span style=\"color:#000\">vinculats al vi a Mas del Nen<\/span><\/h2>\t\t\t\t<\/div>\n\t\t\t\t<div class=\"elementor-element elementor-element-7e3415f elementor-widget__width-initial elementor-widget elementor-widget-text-editor\" data-id=\"7e3415f\" data-element_type=\"widget\" data-e-type=\"widget\" data-widget_type=\"text-editor.default\">\n\t\t\t\t\t\t\t\t\t<p>En Mas del Nen organizamos eventos pensados para disfrutar del vino de una forma cercana y relajada. A lo largo del a\u00f1o celebramos catas especiales, talleres, tardeos vin\u00edcolas y experiencias gastron\u00f3micas donde el vino es el hilo conductor, siempre en un entorno tranquilo y aut\u00e9ntico.<\/p>\t\t\t\t\t\t\t\t<\/div>\n\t\t\t\t<\/div>\n\t\t\t\t\t<\/div>\n\t\t\t\t<\/div>\n\t\t<div class=\"elementor-element elementor-element-f79124c e-flex e-con-boxed e-con e-parent\" data-id=\"f79124c\" data-element_type=\"container\" data-e-type=\"container\">\n\t\t\t\t\t<div class=\"e-con-inner\">\n\t\t\t\t\t<\/div>\n\t\t\t\t<\/div>\n\t\t\t\t<\/div>","protected":false},"excerpt":{"rendered":"<p>Enoturismo en Tarragona: Descubre nuestros vi\u00f1edos Te acercamos al mundo vin\u00edcola de forma aut\u00e9ntica y en un entorno tranquilo. Visita nuestra bodega familiar, descubre el proceso de elaboraci\u00f3n y disfruta de una experiencia \u00fanica degustando nuestros productos. Experiencia de enoturismo en Mas del Nen En Mas del Nen te invitamos a descubrir el vino y [&hellip;]<\/p>\n","protected":false},"author":1,"featured_media":0,"parent":0,"menu_order":0,"comment_status":"closed","ping_status":"closed","template":"elementor_canvas","meta":{"footnotes":""},"class_list":["post-445","page","type-page","status-publish","hentry"],"_links":{"self":[{"href":"https:\/\/masdelnen.es\/ca\/wp-json\/wp\/v2\/pages\/445","targetHints":{"allow":["GET"]}}],"collection":[{"href":"https:\/\/masdelnen.es\/ca\/wp-json\/wp\/v2\/pages"}],"about":[{"href":"https:\/\/masdelnen.es\/ca\/wp-json\/wp\/v2\/types\/page"}],"author":[{"embeddable":true,"href":"https:\/\/masdelnen.es\/ca\/wp-json\/wp\/v2\/users\/1"}],"replies":[{"embeddable":true,"href":"https:\/\/masdelnen.es\/ca\/wp-json\/wp\/v2\/comments?post=445"}],"version-history":[{"count":17,"href":"https:\/\/masdelnen.es\/ca\/wp-json\/wp\/v2\/pages\/445\/revisions"}],"predecessor-version":[{"id":1422,"href":"https:\/\/masdelnen.es\/ca\/wp-json\/wp\/v2\/pages\/445\/revisions\/1422"}],"wp:attachment":[{"href":"https:\/\/masdelnen.es\/ca\/wp-json\/wp\/v2\/media?parent=445"}],"curies":[{"name":"wp","href":"https:\/\/api.w.org\/{rel}","templated":true}]}}