{"id":8,"date":"2025-11-10T10:22:46","date_gmt":"2025-11-10T10:22:46","guid":{"rendered":"https:\/\/masdelnen.cat\/?page_id=8"},"modified":"2026-03-24T06:34:27","modified_gmt":"2026-03-24T06:34:27","slug":"masdelnen","status":"publish","type":"page","link":"https:\/\/masdelnen.es\/ca\/","title":{"rendered":"Inici"},"content":{"rendered":"<div data-elementor-type=\"wp-page\" data-elementor-id=\"8\" class=\"elementor elementor-8\">\n\t\t\t\t<div class=\"elementor-element elementor-element-8311178 e-flex e-con-boxed e-con e-parent\" data-id=\"8311178\" data-element_type=\"container\" data-e-type=\"container\" data-settings=\"{&quot;background_background&quot;:&quot;classic&quot;}\">\n\t\t\t\t\t<div class=\"e-con-inner\">\n\t\t\t\t<div class=\"elementor-element elementor-element-be1c7bc elementor-widget__width-initial elementor-widget elementor-widget-heading\" data-id=\"be1c7bc\" data-element_type=\"widget\" data-e-type=\"widget\" data-widget_type=\"heading.default\">\n\t\t\t\t\t<h1 class=\"elementor-heading-title elementor-size-default\">EXPERIMENTA LA TRADICI\u00d3.<br>\nSENT LA NOSTRA TERRA.<br>\nVIU L'ESS\u00c8NCIA M\u00c9S DEL NEN.<br><\/h1>\t\t\t\t<\/div>\n\t\t\t\t<div class=\"elementor-element elementor-element-2e29f21 elementor-widget__width-initial elementor-widget elementor-widget-text-editor\" data-id=\"2e29f21\" data-element_type=\"widget\" data-e-type=\"widget\" data-widget_type=\"text-editor.default\">\n\t\t\t\t\t\t\t\t\t<p>VINE ALS NOSTRES ESDEVENIMENTS O CREA EL TEU PROPI ESDEVENIMENT<\/p>\t\t\t\t\t\t\t\t<\/div>\n\t\t\t\t<div class=\"elementor-element elementor-element-472e933 elementor-widget elementor-widget-button\" data-id=\"472e933\" data-element_type=\"widget\" data-e-type=\"widget\" data-widget_type=\"button.default\">\n\t\t\t\t\t\t\t\t\t\t<a class=\"elementor-button elementor-button-link elementor-size-sm\" href=\"https:\/\/masdelnen.es\/ca\/enoturismo\/\">\n\t\t\t\t\t\t<span class=\"elementor-button-content-wrapper\">\n\t\t\t\t\t\t\t\t\t<span class=\"elementor-button-text\">SABER M\u00c9S<\/span>\n\t\t\t\t\t<\/span>\n\t\t\t\t\t<\/a>\n\t\t\t\t\t\t\t\t<\/div>\n\t\t\t\t\t<\/div>\n\t\t\t\t<\/div>\n\t\t<div class=\"elementor-element elementor-element-c4f1914 e-flex e-con-boxed e-con e-parent\" data-id=\"c4f1914\" data-element_type=\"container\" data-e-type=\"container\">\n\t\t\t\t\t<div class=\"e-con-inner\">\n\t\t\t\t<div class=\"elementor-element elementor-element-8dee048 elementor-widget elementor-widget-spacer\" data-id=\"8dee048\" data-element_type=\"widget\" data-e-type=\"widget\" data-widget_type=\"spacer.default\">\n\t\t\t\t\t\t\t<div class=\"elementor-spacer\">\n\t\t\t<div class=\"elementor-spacer-inner\"><\/div>\n\t\t<\/div>\n\t\t\t\t\t\t<\/div>\n\t\t\t\t<div class=\"elementor-element elementor-element-2832050 elementor-widget elementor-widget-heading\" data-id=\"2832050\" data-element_type=\"widget\" data-e-type=\"widget\" data-widget_type=\"heading.default\">\n\t\t\t\t\t<h2 class=\"elementor-heading-title elementor-size-default\">CONEIX <span style=\"color:#9CAF88\"> \"MAS DEL NEN\"<\/h2>\t\t\t\t<\/div>\n\t\t\t\t<div class=\"elementor-element elementor-element-4867029 elementor-widget elementor-widget-spacer\" data-id=\"4867029\" data-element_type=\"widget\" data-e-type=\"widget\" data-widget_type=\"spacer.default\">\n\t\t\t\t\t\t\t<div class=\"elementor-spacer\">\n\t\t\t<div class=\"elementor-spacer-inner\"><\/div>\n\t\t<\/div>\n\t\t\t\t\t\t<\/div>\n\t\t<div class=\"elementor-element elementor-element-f93e4b7 e-grid e-con-full e-con e-child\" data-id=\"f93e4b7\" data-element_type=\"container\" data-e-type=\"container\">\n\t\t<div class=\"elementor-element elementor-element-c251e6f e-con-full e-flex e-con e-child\" data-id=\"c251e6f\" data-element_type=\"container\" data-e-type=\"container\" data-settings=\"{&quot;background_background&quot;:&quot;classic&quot;}\">\n\t\t\t\t<div class=\"elementor-element elementor-element-3ac60cb elementor-widget elementor-widget-heading\" data-id=\"3ac60cb\" data-element_type=\"widget\" data-e-type=\"widget\" data-widget_type=\"heading.default\">\n\t\t\t\t\t<h2 class=\"elementor-heading-title elementor-size-default\"><a href=\"https:\/\/masdelnen.es\/ca\/enoturismo\/\">EXPERI\u00c8NCIES DE \nENOTURISME<\/a><\/h2>\t\t\t\t<\/div>\n\t\t\t\t<\/div>\n\t\t<div class=\"elementor-element elementor-element-e1c654f e-con-full e-flex e-con e-child\" data-id=\"e1c654f\" data-element_type=\"container\" data-e-type=\"container\" data-settings=\"{&quot;background_background&quot;:&quot;classic&quot;}\">\n\t\t\t\t<div class=\"elementor-element elementor-element-76dcbc4 elementor-widget__width-initial elementor-widget elementor-widget-heading\" data-id=\"76dcbc4\" data-element_type=\"widget\" data-e-type=\"widget\" data-widget_type=\"heading.default\">\n\t\t\t\t\t<h2 class=\"elementor-heading-title elementor-size-default\"><a href=\"https:\/\/masdelnen.es\/ca\/nuestros-eventos\/\">ESDEVENIMENTS <br>\n\u201cMAS DEL NEN\u201d<\/a><\/h2>\t\t\t\t<\/div>\n\t\t\t\t<\/div>\n\t\t<div class=\"elementor-element elementor-element-dc09a7f e-con-full e-flex e-con e-child\" data-id=\"dc09a7f\" data-element_type=\"container\" data-e-type=\"container\" data-settings=\"{&quot;background_background&quot;:&quot;classic&quot;}\">\n\t\t\t\t<div class=\"elementor-element elementor-element-c93d996 elementor-widget elementor-widget-heading\" data-id=\"c93d996\" data-element_type=\"widget\" data-e-type=\"widget\" data-widget_type=\"heading.default\">\n\t\t\t\t\t<h2 class=\"elementor-heading-title elementor-size-default\"><a href=\"https:\/\/masdelnen.es\/ca\/alquiler-espacios\/\">LLOGA ELS NOSTRES\nESPAIS<\/a><\/h2>\t\t\t\t<\/div>\n\t\t\t\t<\/div>\n\t\t\t\t<\/div>\n\t\t\t\t<div class=\"elementor-element elementor-element-0d8cbe7 elementor-widget elementor-widget-spacer\" data-id=\"0d8cbe7\" data-element_type=\"widget\" data-e-type=\"widget\" data-widget_type=\"spacer.default\">\n\t\t\t\t\t\t\t<div class=\"elementor-spacer\">\n\t\t\t<div class=\"elementor-spacer-inner\"><\/div>\n\t\t<\/div>\n\t\t\t\t\t\t<\/div>\n\t\t\t\t\t<\/div>\n\t\t\t\t<\/div>\n\t\t<div class=\"elementor-element elementor-element-bbb1073 elementor-hidden-mobile e-flex e-con-boxed e-con e-parent\" data-id=\"bbb1073\" data-element_type=\"container\" data-e-type=\"container\" data-settings=\"{&quot;background_background&quot;:&quot;classic&quot;}\">\n\t\t\t\t\t<div class=\"e-con-inner\">\n\t\t\t\t<div class=\"elementor-element elementor-element-35b8902 elementor-widget elementor-widget-heading\" data-id=\"35b8902\" data-element_type=\"widget\" data-e-type=\"widget\" data-widget_type=\"heading.default\">\n\t\t\t\t\t<h2 class=\"elementor-heading-title elementor-size-default\">LA FINCA<\/h2>\t\t\t\t<\/div>\n\t\t\t\t<div class=\"elementor-element elementor-element-56ddf30 elementor-widget elementor-widget-html\" data-id=\"56ddf30\" data-element_type=\"widget\" data-e-type=\"widget\" data-widget_type=\"html.default\">\n\t\t\t\t\t<div class=\"video-container\">\r\n  <div class=\"video-wrapper\">\r\n    <iframe \r\n      src=\"https:\/\/www.youtube.com\/embed\/F7t8blRgve8?rel=0&modestbranding=1&playsinline=1\"\r\n      title=\"V\u00eddeo Enoturismo\"\r\n      frameborder=\"0\"\r\n      allow=\"accelerometer; autoplay; clipboard-write; encrypted-media; gyroscope; picture-in-picture\"\r\n      allowfullscreen>\r\n    <\/iframe>\r\n  <\/div>\r\n<\/div>\r\n\r\n\r\n\r\n\t\t\t\t<\/div>\n\t\t\t\t\t<\/div>\n\t\t\t\t<\/div>\n\t\t<div class=\"elementor-element elementor-element-1d4cf52 e-con-full fullwidth-real e-flex e-con e-parent\" data-id=\"1d4cf52\" data-element_type=\"container\" data-e-type=\"container\">\n\t\t\t\t<\/div>\n\t\t<div class=\"elementor-element elementor-element-24d9039 e-flex e-con-boxed e-con e-parent\" data-id=\"24d9039\" data-element_type=\"container\" data-e-type=\"container\">\n\t\t\t\t\t<div class=\"e-con-inner\">\n\t\t\t\t<div class=\"elementor-element elementor-element-f60eade elementor-widget elementor-widget-spacer\" data-id=\"f60eade\" data-element_type=\"widget\" data-e-type=\"widget\" data-widget_type=\"spacer.default\">\n\t\t\t\t\t\t\t<div class=\"elementor-spacer\">\n\t\t\t<div class=\"elementor-spacer-inner\"><\/div>\n\t\t<\/div>\n\t\t\t\t\t\t<\/div>\n\t\t\t\t<div class=\"elementor-element elementor-element-62a6bb0 elementor-widget elementor-widget-heading\" data-id=\"62a6bb0\" data-element_type=\"widget\" data-e-type=\"widget\" data-widget_type=\"heading.default\">\n\t\t\t\t\t<h2 class=\"elementor-heading-title elementor-size-default\">FINCA <span style=\"color:#9CAF88\"> SOSTENIBLE I AUTOSUFICIENT<\/h2>\t\t\t\t<\/div>\n\t\t\t\t<div class=\"elementor-element elementor-element-d66c82d elementor-widget elementor-widget-spacer\" data-id=\"d66c82d\" data-element_type=\"widget\" data-e-type=\"widget\" data-widget_type=\"spacer.default\">\n\t\t\t\t\t\t\t<div class=\"elementor-spacer\">\n\t\t\t<div class=\"elementor-spacer-inner\"><\/div>\n\t\t<\/div>\n\t\t\t\t\t\t<\/div>\n\t\t\t\t<div class=\"elementor-element elementor-element-7a79b97 elementor-widget-tablet__width-initial elementor-widget elementor-widget-text-editor\" data-id=\"7a79b97\" data-element_type=\"widget\" data-e-type=\"widget\" data-widget_type=\"text-editor.default\">\n\t\t\t\t\t\t\t\t\t<p>Una finca creada des de zero amb un prop\u00f2sit clar: ser tan sostenible i respectuosa com sigui possible amb l'entorn. Comptem amb una <strong>bassa de 1.000 m\u00b3<\/strong> que ens permet disposar d'aigua per a \u00fas sanitari i per al reg en \u00e8poques de sequera.<br \/>A m\u00e9s, hem instal\u00b7lat <strong>plaques solars<\/strong> que generen l'energia necess\u00e0ria per al funcionament de les instal\u00b7lacions. Gr\u00e0cies a aquest comprom\u00eds, cuidem i preservem l'entorn \u00fanic que ens envolta, integrant tradici\u00f3, innovaci\u00f3 i respecte per la terra.<\/p>\t\t\t\t\t\t\t\t<\/div>\n\t\t\t\t<div class=\"elementor-element elementor-element-aec13a0 elementor-widget elementor-widget-spacer\" data-id=\"aec13a0\" data-element_type=\"widget\" data-e-type=\"widget\" data-widget_type=\"spacer.default\">\n\t\t\t\t\t\t\t<div class=\"elementor-spacer\">\n\t\t\t<div class=\"elementor-spacer-inner\"><\/div>\n\t\t<\/div>\n\t\t\t\t\t\t<\/div>\n\t\t\t\t\t<\/div>\n\t\t\t\t<\/div>\n\t\t<div class=\"elementor-element elementor-element-e21e721 e-flex e-con-boxed e-con e-parent\" data-id=\"e21e721\" data-element_type=\"container\" data-e-type=\"container\">\n\t\t\t\t\t<div class=\"e-con-inner\">\n\t\t\t\t<div class=\"elementor-element elementor-element-616da7e elementor-widget elementor-widget-html\" data-id=\"616da7e\" data-element_type=\"widget\" data-e-type=\"widget\" data-widget_type=\"html.default\">\n\t\t\t\t\t<style>\r\n\/* PRUEBA: si esto funciona el fondo se pondr\u00e1 gris *\/\r\nbody.fullwidth-test {\r\n    background: #f3f3f3 !important;\r\n}\r\n\r\n\/* C\u00d3DIGO DEL CARRUSEL A PANTALLA COMPLETA *\/\r\n.fullwidth-real {\r\n    width: 100vw !important;\r\n    max-width: 100vw !important;\r\n    margin-left: calc(-50vw + 50%) !important;\r\n    padding-left: 0 !important;\r\n    padding-right: 0 !important;\r\n}\r\n<\/style>\r\n\t\t\t\t<\/div>\n\t\t\t\t\t<\/div>\n\t\t\t\t<\/div>\n\t\t<div class=\"elementor-element elementor-element-398169f e-grid e-con-full fullwidth-vw e-con e-parent\" data-id=\"398169f\" data-element_type=\"container\" data-e-type=\"container\">\n\t\t<div class=\"elementor-element elementor-element-2c2b693 e-con-full e-flex e-con e-child\" data-id=\"2c2b693\" data-element_type=\"container\" data-e-type=\"container\" data-settings=\"{&quot;background_background&quot;:&quot;classic&quot;}\">\n\t\t\t\t<\/div>\n\t\t<div class=\"elementor-element elementor-element-099d55c e-con-full col-derecha-split e-flex e-con e-child\" data-id=\"099d55c\" data-element_type=\"container\" data-e-type=\"container\" data-settings=\"{&quot;background_background&quot;:&quot;classic&quot;}\">\n\t\t\t\t<\/div>\n\t\t\t\t<\/div>\n\t\t<div class=\"elementor-element elementor-element-45c78ce e-flex e-con-boxed e-con e-parent\" data-id=\"45c78ce\" data-element_type=\"container\" data-e-type=\"container\">\n\t\t\t\t\t<div class=\"e-con-inner\">\n\t\t\t\t<div class=\"elementor-element elementor-element-9dc5086 elementor-widget elementor-widget-spacer\" data-id=\"9dc5086\" data-element_type=\"widget\" data-e-type=\"widget\" data-widget_type=\"spacer.default\">\n\t\t\t\t\t\t\t<div class=\"elementor-spacer\">\n\t\t\t<div class=\"elementor-spacer-inner\"><\/div>\n\t\t<\/div>\n\t\t\t\t\t\t<\/div>\n\t\t\t\t<div class=\"elementor-element elementor-element-9cb28b3 elementor-widget elementor-widget-heading\" data-id=\"9cb28b3\" data-element_type=\"widget\" data-e-type=\"widget\" data-widget_type=\"heading.default\">\n\t\t\t\t\t<h2 class=\"elementor-heading-title elementor-size-default\">ELS NOSTRES <span style=\"color:#9CAF88\"> OR\u00cdGENS<\/h2>\t\t\t\t<\/div>\n\t\t\t\t<div class=\"elementor-element elementor-element-c666631 elementor-widget elementor-widget-spacer\" data-id=\"c666631\" data-element_type=\"widget\" data-e-type=\"widget\" data-widget_type=\"spacer.default\">\n\t\t\t\t\t\t\t<div class=\"elementor-spacer\">\n\t\t\t<div class=\"elementor-spacer-inner\"><\/div>\n\t\t<\/div>\n\t\t\t\t\t\t<\/div>\n\t\t\t\t<div class=\"elementor-element elementor-element-baa41ab elementor-widget-tablet__width-initial elementor-widget elementor-widget-text-editor\" data-id=\"baa41ab\" data-element_type=\"widget\" data-e-type=\"widget\" data-widget_type=\"text-editor.default\">\n\t\t\t\t\t\t\t\t\t<p><strong>Mas del Nen<\/strong> va n\u00e9ixer el 1998 de la m\u00e0 de <strong>Ramon Bellod i Ester Daumal<\/strong>, amb l'objectiu d'elaborar <strong>vins i vermuts d'alta qualitat<\/strong> seguint una filosofia <strong>plena i aut\u00e8nticament sostenible<\/strong>. Per aconseguir-ho, van crear una <strong>finca autosuficient<\/strong> i van seleccionar vinyes entre les millors varietats, sempre buscant l' <strong>excel\u00b7l\u00e8ncia<\/strong>.<br \/>Avui, el projecte continua amb el fill, <strong>Gerard Bellod<\/strong>, \u201cel nen del Mas\u201d, qui obre les portes del seu rac\u00f3 m\u00e9s especial per compartir l' <strong>ess\u00e8ncia de la finca<\/strong> i la seva particular manera d'entendre el <strong>vi i el vermut<\/strong>.<\/p>\t\t\t\t\t\t\t\t<\/div>\n\t\t\t\t<div class=\"elementor-element elementor-element-109a7e6 elementor-widget elementor-widget-spacer\" data-id=\"109a7e6\" data-element_type=\"widget\" data-e-type=\"widget\" data-widget_type=\"spacer.default\">\n\t\t\t\t\t\t\t<div class=\"elementor-spacer\">\n\t\t\t<div class=\"elementor-spacer-inner\"><\/div>\n\t\t<\/div>\n\t\t\t\t\t\t<\/div>\n\t\t\t\t\t<\/div>\n\t\t\t\t<\/div>\n\t\t<div class=\"elementor-element elementor-element-a1639ae e-flex e-con-boxed e-con e-parent\" data-id=\"a1639ae\" data-element_type=\"container\" data-e-type=\"container\" data-settings=\"{&quot;background_background&quot;:&quot;classic&quot;}\">\n\t\t\t\t\t<div class=\"e-con-inner\">\n\t\t\t\t<div class=\"elementor-element elementor-element-9f103a9 elementor-widget__width-initial elementor-widget elementor-widget-heading\" data-id=\"9f103a9\" data-element_type=\"widget\" data-e-type=\"widget\" data-widget_type=\"heading.default\">\n\t\t\t\t\t<h2 class=\"elementor-heading-title elementor-size-default\">EXPERI\u00c8NCIA D'ENOTURISME<\/h2>\t\t\t\t<\/div>\n\t\t\t\t<div class=\"elementor-element elementor-element-09e191c elementor-widget__width-initial elementor-widget elementor-widget-text-editor\" data-id=\"09e191c\" data-element_type=\"widget\" data-e-type=\"widget\" data-widget_type=\"text-editor.default\">\n\t\t\t\t\t\t\t\t\t<p data-start=\"247\" data-end=\"443\">Descobreix el vi des de dins, al lloc on neix i es transforma.<br \/>Us convidem a viure una experi\u00e8ncia d'enoturisme aut\u00e8ntica, pensada per connectar <strong>paisatge, tradici\u00f3 i cultura vitivin\u00edcola<\/strong>.<\/p><p>Recorre les nostres vinyes i visita el celler, coneix de prop els nostres processos d'elaboraci\u00f3 i deixa't guiar en un <strong>tast comentat<\/strong> dels nostres vins, dissenyada tant pels qui s'inicien com per aut\u00e8ntics amants del vi.<\/p>\t\t\t\t\t\t\t\t<\/div>\n\t\t\t\t<div class=\"elementor-element elementor-element-eaaf4cc elementor-mobile-align-center elementor-widget elementor-widget-button\" data-id=\"eaaf4cc\" data-element_type=\"widget\" data-e-type=\"widget\" data-widget_type=\"button.default\">\n\t\t\t\t\t\t\t\t\t\t<a class=\"elementor-button elementor-button-link elementor-size-sm\" href=\"https:\/\/masdelnen.es\/ca\/enoturismo\/\">\n\t\t\t\t\t\t<span class=\"elementor-button-content-wrapper\">\n\t\t\t\t\t\t\t\t\t<span class=\"elementor-button-text\">ENOTURISMO<\/span>\n\t\t\t\t\t<\/span>\n\t\t\t\t\t<\/a>\n\t\t\t\t\t\t\t\t<\/div>\n\t\t\t\t\t<\/div>\n\t\t\t\t<\/div>\n\t\t<div class=\"elementor-element elementor-element-768c248 e-flex e-con-boxed e-con e-parent\" data-id=\"768c248\" data-element_type=\"container\" data-e-type=\"container\" data-settings=\"{&quot;background_background&quot;:&quot;classic&quot;}\">\n\t\t\t\t\t<div class=\"e-con-inner\">\n\t\t<div class=\"elementor-element elementor-element-559428c e-con-full e-grid e-con e-child\" data-id=\"559428c\" data-element_type=\"container\" data-e-type=\"container\">\n\t\t<div class=\"elementor-element elementor-element-ad5136a e-con-full e-flex e-con e-child\" data-id=\"ad5136a\" data-element_type=\"container\" data-e-type=\"container\">\n\t\t\t\t<div class=\"elementor-element elementor-element-ba443a5 elementor-widget__width-initial elementor-widget elementor-widget-heading\" data-id=\"ba443a5\" data-element_type=\"widget\" data-e-type=\"widget\" data-widget_type=\"heading.default\">\n\t\t\t\t\t<h2 class=\"elementor-heading-title elementor-size-default\">ESDEVENIMENTS \n\"MES DEL NEN\"<\/h2>\t\t\t\t<\/div>\n\t\t\t\t<div class=\"elementor-element elementor-element-2e9ddb8 elementor-widget elementor-widget-spacer\" data-id=\"2e9ddb8\" data-element_type=\"widget\" data-e-type=\"widget\" data-widget_type=\"spacer.default\">\n\t\t\t\t\t\t\t<div class=\"elementor-spacer\">\n\t\t\t<div class=\"elementor-spacer-inner\"><\/div>\n\t\t<\/div>\n\t\t\t\t\t\t<\/div>\n\t\t\t\t<div class=\"elementor-element elementor-element-cf0181f elementor-widget__width-initial elementor-widget elementor-widget-text-editor\" data-id=\"cf0181f\" data-element_type=\"widget\" data-e-type=\"widget\" data-widget_type=\"text-editor.default\">\n\t\t\t\t\t\t\t\t\t<p class=\"translation-block\">L' <strong>enoturisme<\/strong> \u00e9s l'\u00e0nima de totes les experi\u00e8ncies viscudes <strong>Mas del Nen<\/strong>.<br>Els nostres esdeveniments neixen sempre al voltant del vi, el paisatge i el plaer de gaudir sense presses.<\/p><p>Organitzem <strong>tasts, tardes, dinars i sopars amb maridatge<\/strong> on el vi \u00e9s el veritable protagonista, acompanyat de propostes gastron\u00f2miques dissenyades per real\u00e7ar cada copa. Viv\u00e8ncies properes, en grups redu\u00efts, que conviden a descobrir els nostres vins en un ambient dist\u00e8s, aut\u00e8ntic i memorable.<\/p>\t\t\t\t\t\t\t\t<\/div>\n\t\t\t\t<div class=\"elementor-element elementor-element-12fe627 elementor-widget elementor-widget-button\" data-id=\"12fe627\" data-element_type=\"widget\" data-e-type=\"widget\" data-widget_type=\"button.default\">\n\t\t\t\t\t\t\t\t\t\t<a class=\"elementor-button elementor-button-link elementor-size-sm\" href=\"https:\/\/masdelnen.es\/ca\/nuestros-eventos\/\">\n\t\t\t\t\t\t<span class=\"elementor-button-content-wrapper\">\n\t\t\t\t\t\t\t\t\t<span class=\"elementor-button-text\">ELS NOSTRES ESDEVENIMENTS<\/span>\n\t\t\t\t\t<\/span>\n\t\t\t\t\t<\/a>\n\t\t\t\t\t\t\t\t<\/div>\n\t\t\t\t<\/div>\n\t\t\t\t<div class=\"elementor-element elementor-element-0c7c926 elementor-widget elementor-widget-image\" data-id=\"0c7c926\" data-element_type=\"widget\" data-e-type=\"widget\" data-widget_type=\"image.default\">\n\t\t\t\t\t\t\t\t\t\t\t\t\t\t\t<img fetchpriority=\"high\" decoding=\"async\" width=\"800\" height=\"534\" src=\"https:\/\/masdelnen.es\/wp-content\/uploads\/2026\/03\/DSC05500-1024x683.jpg\" class=\"attachment-large size-large wp-image-1472\" alt=\"\" srcset=\"https:\/\/masdelnen.es\/wp-content\/uploads\/2026\/03\/DSC05500-1024x683.jpg 1024w, https:\/\/masdelnen.es\/wp-content\/uploads\/2026\/03\/DSC05500-300x200.jpg 300w, https:\/\/masdelnen.es\/wp-content\/uploads\/2026\/03\/DSC05500-768x512.jpg 768w, https:\/\/masdelnen.es\/wp-content\/uploads\/2026\/03\/DSC05500-1536x1024.jpg 1536w, https:\/\/masdelnen.es\/wp-content\/uploads\/2026\/03\/DSC05500-2048x1365.jpg 2048w, https:\/\/masdelnen.es\/wp-content\/uploads\/2026\/03\/DSC05500-18x12.jpg 18w\" sizes=\"(max-width: 800px) 100vw, 800px\" \/>\t\t\t\t\t\t\t\t\t\t\t\t\t\t\t<\/div>\n\t\t\t\t<\/div>\n\t\t\t\t<div class=\"elementor-element elementor-element-b074769 elementor-widget elementor-widget-spacer\" data-id=\"b074769\" data-element_type=\"widget\" data-e-type=\"widget\" data-widget_type=\"spacer.default\">\n\t\t\t\t\t\t\t<div class=\"elementor-spacer\">\n\t\t\t<div class=\"elementor-spacer-inner\"><\/div>\n\t\t<\/div>\n\t\t\t\t\t\t<\/div>\n\t\t\t\t\t<\/div>\n\t\t\t\t<\/div>\n\t\t<div class=\"elementor-element elementor-element-a87fe95 e-flex e-con-boxed e-con e-parent\" data-id=\"a87fe95\" data-element_type=\"container\" data-e-type=\"container\" data-settings=\"{&quot;background_background&quot;:&quot;classic&quot;}\">\n\t\t\t\t\t<div class=\"e-con-inner\">\n\t\t\t\t<div class=\"elementor-element elementor-element-416f793 elementor-widget__width-initial elementor-widget elementor-widget-heading\" data-id=\"416f793\" data-element_type=\"widget\" data-e-type=\"widget\" data-widget_type=\"heading.default\">\n\t\t\t\t\t<h2 class=\"elementor-heading-title elementor-size-default\">LLOGA \nELS NOSTRES ESPAIS<\/h2>\t\t\t\t<\/div>\n\t\t\t\t<div class=\"elementor-element elementor-element-6949708 elementor-widget__width-initial elementor-widget elementor-widget-text-editor\" data-id=\"6949708\" data-element_type=\"widget\" data-e-type=\"widget\" data-widget_type=\"text-editor.default\">\n\t\t\t\t\t\t\t\t\tPosem a la teva disposici\u00f3 diferents espais a <strong>Mas del Nen<\/strong> per a celebracions, trobades privades i esdeveniments corporatius, envoltats de vinyes i natura.<br>\nDisposem de diverses zones amb diferents capacitats i configuracions, adaptables a cada necessitat. Consulta informaci\u00f3 sobre aforament, serveis disponibles i requisits per organitzar el teu esdeveniment amb total comoditat.\t\t\t\t\t\t\t\t<\/div>\n\t\t\t\t<div class=\"elementor-element elementor-element-d3857da elementor-widget elementor-widget-button\" data-id=\"d3857da\" data-element_type=\"widget\" data-e-type=\"widget\" data-widget_type=\"button.default\">\n\t\t\t\t\t\t\t\t\t\t<a class=\"elementor-button elementor-button-link elementor-size-sm\" href=\"https:\/\/masdelnen.es\/ca\/alquiler-espacios\/\">\n\t\t\t\t\t\t<span class=\"elementor-button-content-wrapper\">\n\t\t\t\t\t\t\t\t\t<span class=\"elementor-button-text\">CONTACTA'NS<\/span>\n\t\t\t\t\t<\/span>\n\t\t\t\t\t<\/a>\n\t\t\t\t\t\t\t\t<\/div>\n\t\t\t\t\t<\/div>\n\t\t\t\t<\/div>\n\t\t<div class=\"elementor-element elementor-element-089dea6 e-flex e-con-boxed e-con e-parent\" data-id=\"089dea6\" data-element_type=\"container\" data-e-type=\"container\" data-settings=\"{&quot;background_background&quot;:&quot;classic&quot;}\">\n\t\t\t\t\t<div class=\"e-con-inner\">\n\t\t\t\t\t<\/div>\n\t\t\t\t<\/div>\n\t\t<div class=\"elementor-element elementor-element-21e8bd7 e-flex e-con-boxed e-con e-parent\" data-id=\"21e8bd7\" data-element_type=\"container\" data-e-type=\"container\">\n\t\t\t\t\t<div class=\"e-con-inner\">\n\t\t\t\t\t<\/div>\n\t\t\t\t<\/div>\n\t\t\t\t<\/div>","protected":false},"excerpt":{"rendered":"<p>EXPERIMENTA LA TRADICI\u00d3N. SIENTE NUESTRA TIERRA. VIVE LA ESENCIA MAS DEL NEN. VEN A NUESTROS EVENTOS O CREA TU PROPIO EVENTO SABER M\u00c1S CONOCE \u00abMAS DEL NEN\u00bb EXPERIENCIAS DE ENOTURISMO EVENTOS \u201cMAS DEL NEN\u201d ALQUILA NUESTROS ESPACIOS LA FINCA FINCA SOSTENIBLE Y AUTOSUFICIENTE Una finca creada desde cero con un prop\u00f3sito claro: ser lo m\u00e1s [&hellip;]<\/p>\n","protected":false},"author":1,"featured_media":0,"parent":0,"menu_order":0,"comment_status":"closed","ping_status":"closed","template":"elementor_canvas","meta":{"footnotes":""},"class_list":["post-8","page","type-page","status-publish","hentry"],"_links":{"self":[{"href":"https:\/\/masdelnen.es\/ca\/wp-json\/wp\/v2\/pages\/8","targetHints":{"allow":["GET"]}}],"collection":[{"href":"https:\/\/masdelnen.es\/ca\/wp-json\/wp\/v2\/pages"}],"about":[{"href":"https:\/\/masdelnen.es\/ca\/wp-json\/wp\/v2\/types\/page"}],"author":[{"embeddable":true,"href":"https:\/\/masdelnen.es\/ca\/wp-json\/wp\/v2\/users\/1"}],"replies":[{"embeddable":true,"href":"https:\/\/masdelnen.es\/ca\/wp-json\/wp\/v2\/comments?post=8"}],"version-history":[{"count":51,"href":"https:\/\/masdelnen.es\/ca\/wp-json\/wp\/v2\/pages\/8\/revisions"}],"predecessor-version":[{"id":1569,"href":"https:\/\/masdelnen.es\/ca\/wp-json\/wp\/v2\/pages\/8\/revisions\/1569"}],"wp:attachment":[{"href":"https:\/\/masdelnen.es\/ca\/wp-json\/wp\/v2\/media?parent=8"}],"curies":[{"name":"wp","href":"https:\/\/api.w.org\/{rel}","templated":true}]}}