{"id":833,"date":"2026-01-19T10:18:35","date_gmt":"2026-01-19T10:18:35","guid":{"rendered":"https:\/\/masdelnen.cat\/?page_id=833"},"modified":"2026-01-19T10:36:43","modified_gmt":"2026-01-19T10:36:43","slug":"aviso-legal","status":"publish","type":"page","link":"https:\/\/masdelnen.es\/ca\/aviso-legal\/","title":{"rendered":"Av\u00eds Legal"},"content":{"rendered":"<div data-elementor-type=\"wp-page\" data-elementor-id=\"833\" class=\"elementor elementor-833\">\n\t\t\t\t<div class=\"elementor-element elementor-element-a364b05 e-flex e-con-boxed e-con e-parent\" data-id=\"a364b05\" data-element_type=\"container\" data-e-type=\"container\">\n\t\t\t\t\t<div class=\"e-con-inner\">\n\t\t\t\t<div class=\"elementor-element elementor-element-5bb2c2c elementor-widget elementor-widget-heading\" data-id=\"5bb2c2c\" data-element_type=\"widget\" data-e-type=\"widget\" data-widget_type=\"heading.default\">\n\t\t\t\t\t<h2 class=\"elementor-heading-title elementor-size-default\">Aviso legal de masdelnen.es<\/h2>\t\t\t\t<\/div>\n\t\t\t\t<div class=\"elementor-element elementor-element-e632af8 elementor-widget elementor-widget-heading\" data-id=\"e632af8\" data-element_type=\"widget\" data-e-type=\"widget\" data-widget_type=\"heading.default\">\n\t\t\t\t\t<h3 class=\"elementor-heading-title elementor-size-default\">Introducci\u00f3n<\/h3>\t\t\t\t<\/div>\n\t\t\t\t<div class=\"elementor-element elementor-element-e952121 elementor-widget elementor-widget-text-editor\" data-id=\"e952121\" data-element_type=\"widget\" data-e-type=\"widget\" data-widget_type=\"text-editor.default\">\n\t\t\t\t\t\t\t\t\t<p>En cumplimiento de la Ley 34\/2002, de 11 de julio, de Servicios de la Sociedad de la Informaci\u00f3n y de Comercio Electr\u00f3nico (LSSI-CE), <span data-olk-copy-source=\"MessageBody\">Viticultors Mas del Nen S.L<\/span> informa que es titular del sitio web. De acuerdo con la exigencia del art\u00edculo 10 de la citada Ley, <span data-olk-copy-source=\"MessageBody\">Viticultors Mas del Nen S.L<\/span> informa de los siguientes datos:<\/p><ul><li>Raz\u00f3n Social: <span data-olk-copy-source=\"MessageBody\">Viticultors Mas del Nen S.L<\/span><\/li><li>NIF: <span data-olk-copy-source=\"MessageBody\">B60219938<\/span><\/li><li>Dominio: masdelnen.es<\/li><li>Direcci\u00f3n Postal: Mas del Nen, Cam\u00ed Antic de Solivella, km 2, Sarral, Solivella 43424<\/li><li>Direcci\u00f3n Electr\u00f3nica: bodegasbellod@bodegasbellod.com<\/li><li>Tel\u00e9fono: +34 607 24 50 42<\/li><\/ul>\t\t\t\t\t\t\t\t<\/div>\n\t\t\t\t<div class=\"elementor-element elementor-element-b8afeea elementor-widget elementor-widget-heading\" data-id=\"b8afeea\" data-element_type=\"widget\" data-e-type=\"widget\" data-widget_type=\"heading.default\">\n\t\t\t\t\t<h3 class=\"elementor-heading-title elementor-size-default\">Usuario y r\u00e9gimen de responsabilidades<\/h3>\t\t\t\t<\/div>\n\t\t\t\t<div class=\"elementor-element elementor-element-b7738c1 elementor-widget elementor-widget-text-editor\" data-id=\"b7738c1\" data-element_type=\"widget\" data-e-type=\"widget\" data-widget_type=\"text-editor.default\">\n\t\t\t\t\t\t\t\t\t<p>La navegaci\u00f3n, acceso y uso por el sitio web de <span data-olk-copy-source=\"MessageBody\">Viticultors Mas del Nen S.L<\/span> confiere la condici\u00f3n de usuario.<\/p><p>El sitio web de <span data-olk-copy-source=\"MessageBody\">Viticultors Mas del Nen S.L<\/span> proporciona gran diversidad de informaci\u00f3n, servicios y datos. El usuario asume su responsabilidad en el uso correcto del sitio web. Esta responsabilidad se extender\u00e1 a:<\/p><ul><li>La veracidad y licitud de las informaciones aportadas por el usuario en los formularios extendidos por <span data-olk-copy-source=\"MessageBody\">Viticultors Mas del Nen S.L<\/span> para el acceso a ciertos contenidos o servicios ofrecidos por el web.<\/li><li>El uso de la informaci\u00f3n, servicios y datos ofrecidos por <span data-olk-copy-source=\"MessageBody\">Viticultors Mas del Nen S.L<\/span> contrariamente a lo dispuesto por las presentes condiciones, la Ley, la moral, las buenas costumbres o el orden p\u00fablico, o que de cualquier otro modo puedan suponer lesi\u00f3n de los derechos de terceros o del mismo funcionamiento del sitio web.<\/li><\/ul>\t\t\t\t\t\t\t\t<\/div>\n\t\t\t\t<div class=\"elementor-element elementor-element-0369308 elementor-widget elementor-widget-heading\" data-id=\"0369308\" data-element_type=\"widget\" data-e-type=\"widget\" data-widget_type=\"heading.default\">\n\t\t\t\t\t<h3 class=\"elementor-heading-title elementor-size-default\">Pol\u00edtica de enlaces y exenciones de responsabilidad<\/h3>\t\t\t\t<\/div>\n\t\t\t\t<div class=\"elementor-element elementor-element-92cede8 elementor-widget elementor-widget-text-editor\" data-id=\"92cede8\" data-element_type=\"widget\" data-e-type=\"widget\" data-widget_type=\"text-editor.default\">\n\t\t\t\t\t\t\t\t\t<p><span data-olk-copy-source=\"MessageBody\">Viticultors Mas del Nen S.L<\/span> no se hace responsable del contenido de los sitios web a los que el usuario pueda acceder a trav\u00e9s de los enlaces establecidos en su sitio web, siempre que no tenga conocimiento efectivo de que la actividad o la informaci\u00f3n a la que remite o recomienda es il\u00edcita o de que lesiona bienes o derechos de un tercero susceptibles de indemnizaci\u00f3n, o, en caso de tenerlo, act\u00fae con diligencia para suprimir o inutilizar el enlace correspondiente.<\/p><p>Se entender\u00e1 que <span data-olk-copy-source=\"MessageBody\">Viticultors Mas del Nen S.L<\/span> tiene el conocimiento efectivo a que se refiere el p\u00e1rrafo anterior cuando un \u00f3rgano competente haya declarado la ilicitud de los datos, ordenado su retirada o que se imposibilite el acceso a los mismos, o se hubiera declarado la existencia de la lesi\u00f3n, y <span data-olk-copy-source=\"MessageBody\">Viticultors Mas del Nen S.L<\/span> conociera la correspondiente resoluci\u00f3n, sin perjuicio de los procedimientos de detecci\u00f3n y retirada de contenidos que <span data-olk-copy-source=\"MessageBody\">Viticultors Mas del Nen S.L<\/span> aplique en virtud de acuerdos voluntarios y de otros medios de conocimiento efectivo que pudieran establecerse.<\/p><p><span data-olk-copy-source=\"MessageBody\">Viticultors Mas del Nen S.L<\/span> declara haber adoptado todas las medidas necesarias para evitar cualquier da\u00f1o a los usuarios de su sitio web, que pudieran derivarse de la navegaci\u00f3n por su sitio web. En consecuencia, <span data-olk-copy-source=\"MessageBody\">Viticultors Mas del Nen S.L<\/span> no se hace responsable, en ning\u00fan caso, de los eventuales da\u00f1os que por la navegaci\u00f3n por Internet pudiera sufrir el usuario. Asimismo, tampoco garantizar\u00e1 la disponibilidad t\u00e9cnica, exactitud, veracidad, validez o legalidad de sitios ajenos a su propiedad a los que se pueda acceder por medio de los enlaces.<\/p>\t\t\t\t\t\t\t\t<\/div>\n\t\t\t\t<div class=\"elementor-element elementor-element-7a42810 elementor-widget elementor-widget-heading\" data-id=\"7a42810\" data-element_type=\"widget\" data-e-type=\"widget\" data-widget_type=\"heading.default\">\n\t\t\t\t\t<h3 class=\"elementor-heading-title elementor-size-default\">Modificaciones<\/h3>\t\t\t\t<\/div>\n\t\t\t\t<div class=\"elementor-element elementor-element-46c0c65 elementor-widget elementor-widget-text-editor\" data-id=\"46c0c65\" data-element_type=\"widget\" data-e-type=\"widget\" data-widget_type=\"text-editor.default\">\n\t\t\t\t\t\t\t\t\t<p><span data-olk-copy-source=\"MessageBody\">Viticultors Mas del Nen S.L<\/span> se reserva la facultad de efectuar, en cualquier momento y sin necesidad de previo aviso, modificaciones y actualizaciones de la informaci\u00f3n contenida en su sitio web o en la configuraci\u00f3n y presentaci\u00f3n de esta. Con objeto de mantener actualizada la informaci\u00f3n publicada, los contenidos del mismo podr\u00e1n ser modificados, corregidos, eliminados o a\u00f1adidos en cualquier momento, por cualquier forma admisible en derecho.<\/p>\t\t\t\t\t\t\t\t<\/div>\n\t\t\t\t<div class=\"elementor-element elementor-element-cf84ea3 elementor-widget elementor-widget-heading\" data-id=\"cf84ea3\" data-element_type=\"widget\" data-e-type=\"widget\" data-widget_type=\"heading.default\">\n\t\t\t\t\t<h3 class=\"elementor-heading-title elementor-size-default\">Propiedad intelectual e industrial<\/h3>\t\t\t\t<\/div>\n\t\t\t\t<div class=\"elementor-element elementor-element-d5da512 elementor-widget elementor-widget-text-editor\" data-id=\"d5da512\" data-element_type=\"widget\" data-e-type=\"widget\" data-widget_type=\"text-editor.default\">\n\t\t\t\t\t\t\t\t\t<p><span data-olk-copy-source=\"MessageBody\">Viticultors Mas del Nen S.L<\/span> por s\u00ed misma o como cesionaria, es titular de todos los derechos de propiedad intelectual e industrial de su p\u00e1gina web, as\u00ed como de los elementos contenidos en la misma (a t\u00edtulo enunciativo, im\u00e1genes, sonido, audio, v\u00eddeo, software o textos; marcas o logotipos, combinaciones de colores, estructura y dise\u00f1o, selecci\u00f3n de materiales usados, programas de ordenador necesarios para su funcionamiento, acceso y uso, etc.), titularidad de <span data-olk-copy-source=\"MessageBody\">Viticultors Mas del Nen S.L<\/span>. Ser\u00e1n, por consiguiente, obras protegidas como propiedad intelectual por el ordenamiento jur\u00eddico espa\u00f1ol, si\u00e9ndoles aplicables tanto la normativa espa\u00f1ola y comunitaria en este campo, como los tratados internacionales relativos a la materia y suscritos por Espa\u00f1a.<\/p><p>Todos los derechos reservados. En virtud de lo dispuesto en la Ley de Propiedad Intelectual, quedan expresamente prohibidas la reproducci\u00f3n, la distribuci\u00f3n y la comunicaci\u00f3n p\u00fablica, incluida su modalidad de puesta a disposici\u00f3n, de la totalidad o parte de los contenidos de esta p\u00e1gina web, con fines comerciales, en cualquier soporte y por cualquier medio t\u00e9cnico, sin la autorizaci\u00f3n de <span data-olk-copy-source=\"MessageBody\">Viticultors Mas del Nen S.L<\/span>.<\/p><p>El usuario se compromete a respetar los derechos de Propiedad Intelectual e Industrial titularidad de <span data-olk-copy-source=\"MessageBody\">Viticultors Mas del Nen S.L<\/span>. Podr\u00e1 visualizar los elementos del portal e incluso imprimirlos, copiarlos y almacenarlos en el disco duro de su ordenador o en cualquier otro soporte f\u00edsico siempre y cuando sea, \u00fanica y exclusivamente, para su uso personal y privado. El usuario deber\u00e1 abstenerse de suprimir, alterar, eludir o manipular cualquier dispositivo de protecci\u00f3n o sistema de seguridad que estuviera instalado en las p\u00e1ginas de <span data-olk-copy-source=\"MessageBody\">Viticultors Mas del Nen S.L<\/span>.<\/p>\t\t\t\t\t\t\t\t<\/div>\n\t\t\t\t<div class=\"elementor-element elementor-element-8a4885f elementor-widget elementor-widget-heading\" data-id=\"8a4885f\" data-element_type=\"widget\" data-e-type=\"widget\" data-widget_type=\"heading.default\">\n\t\t\t\t\t<h3 class=\"elementor-heading-title elementor-size-default\">Certificado SSL (secure sockets layer)<\/h3>\t\t\t\t<\/div>\n\t\t\t\t<div class=\"elementor-element elementor-element-4f53625 elementor-widget elementor-widget-text-editor\" data-id=\"4f53625\" data-element_type=\"widget\" data-e-type=\"widget\" data-widget_type=\"text-editor.default\">\n\t\t\t\t\t\t\t\t\t<p>El CERTIFICADO SSL proporciona autenticaci\u00f3n, privacidad y seguridad de la informaci\u00f3n entre <span data-olk-copy-source=\"MessageBody\">Viticultors Mas del Nen S.L<\/span> y el usuario.<\/p><p><span data-olk-copy-source=\"MessageBody\">Viticultors Mas del Nen S.L<\/span> dispone de un certificado de seguridad que se utiliza por CERTIFICADO SSL para realizar conexiones seguras.<\/p><p>En este proceso se establecen varios par\u00e1metros para realizar la conexi\u00f3n de forma segura y se establece usando llaves preestablecidas, codificando y descodificando todos los datos enviados hasta que la conexi\u00f3n sea cerrada.<\/p>\t\t\t\t\t\t\t\t<\/div>\n\t\t\t\t<div class=\"elementor-element elementor-element-25710c0 elementor-widget elementor-widget-heading\" data-id=\"25710c0\" data-element_type=\"widget\" data-e-type=\"widget\" data-widget_type=\"heading.default\">\n\t\t\t\t\t<h3 class=\"elementor-heading-title elementor-size-default\">Acciones legales, legislaci\u00f3n aplicable y jurisdicci\u00f3n<\/h3>\t\t\t\t<\/div>\n\t\t\t\t<div class=\"elementor-element elementor-element-bfc7fc6 elementor-widget elementor-widget-text-editor\" data-id=\"bfc7fc6\" data-element_type=\"widget\" data-e-type=\"widget\" data-widget_type=\"text-editor.default\">\n\t\t\t\t\t\t\t\t\t<p>Si el usuario desea presentar una reclamaci\u00f3n, deber\u00e1 contactar mediante el correo electr\u00f3nico BODEGASBELLOD@BODEGASBELLOD.COM. Asimismo, <span data-olk-copy-source=\"MessageBody\">Viticultors Mas del Nen S.L<\/span> dispone de hojas oficiales de reclamaci\u00f3n a disposici\u00f3n de los consumidores y usuarios.<\/p><p><span data-olk-copy-source=\"MessageBody\">Viticultors Mas del Nen S.L<\/span> se reserva la facultad de presentar las acciones civiles o penales que considere oportunas por la utilizaci\u00f3n indebida de su sitio web y contenidos, o por el incumplimiento de las presentes condiciones.<\/p><p>La relaci\u00f3n entre el usuario y el prestador se regir\u00e1 por la normativa vigente y de aplicaci\u00f3n en el territorio espa\u00f1ol. De surgir cualquier controversia las partes podr\u00e1n someter sus conflictos a arbitraje o acudir a la jurisdicci\u00f3n ordinaria cumpliendo con las normas sobre jurisdicci\u00f3n y competencia al respecto.<\/p><p>Los contratos celebrados por v\u00eda electr\u00f3nica en los que intervenga como parte un consumidor, se presumir\u00e1n celebrados en el lugar en que \u00e9ste tenga su residencia habitual.<\/p><p>Los contratos electr\u00f3nicos entre empresarios o profesionales, en defecto de pacto entre las partes, se presumir\u00e1n celebrados en el lugar en que est\u00e9 establecido el prestador de servicios.<\/p><p>De acuerdo con el Reglamento (UE) 524\/2013: La Comisi\u00f3n Europea, le informamos que usted tiene derecho a solicitar una resoluci\u00f3n extrajudicial de controversias en materia de consumo mediante una plataforma de resoluci\u00f3n de litigios en l\u00ednea, la cual se encuentra disponible en el siguiente enlace: https:\/\/ec.europa.eu\/consumers\/odr\/<\/p>\t\t\t\t\t\t\t\t<\/div>\n\t\t\t\t\t<\/div>\n\t\t\t\t<\/div>\n\t\t\t\t<\/div>","protected":false},"excerpt":{"rendered":"<p>Aviso legal de masdelnen.es Introducci\u00f3n En cumplimiento de la Ley 34\/2002, de 11 de julio, de Servicios de la Sociedad de la Informaci\u00f3n y de Comercio Electr\u00f3nico (LSSI-CE), Viticultors Mas del Nen S.L informa que es titular del sitio web. De acuerdo con la exigencia del art\u00edculo 10 de la citada Ley, Viticultors Mas del [&hellip;]<\/p>\n","protected":false},"author":1,"featured_media":0,"parent":0,"menu_order":0,"comment_status":"closed","ping_status":"closed","template":"elementor_canvas","meta":{"footnotes":""},"class_list":["post-833","page","type-page","status-publish","hentry"],"_links":{"self":[{"href":"https:\/\/masdelnen.es\/ca\/wp-json\/wp\/v2\/pages\/833","targetHints":{"allow":["GET"]}}],"collection":[{"href":"https:\/\/masdelnen.es\/ca\/wp-json\/wp\/v2\/pages"}],"about":[{"href":"https:\/\/masdelnen.es\/ca\/wp-json\/wp\/v2\/types\/page"}],"author":[{"embeddable":true,"href":"https:\/\/masdelnen.es\/ca\/wp-json\/wp\/v2\/users\/1"}],"replies":[{"embeddable":true,"href":"https:\/\/masdelnen.es\/ca\/wp-json\/wp\/v2\/comments?post=833"}],"version-history":[{"count":5,"href":"https:\/\/masdelnen.es\/ca\/wp-json\/wp\/v2\/pages\/833\/revisions"}],"predecessor-version":[{"id":869,"href":"https:\/\/masdelnen.es\/ca\/wp-json\/wp\/v2\/pages\/833\/revisions\/869"}],"wp:attachment":[{"href":"https:\/\/masdelnen.es\/ca\/wp-json\/wp\/v2\/media?parent=833"}],"curies":[{"name":"wp","href":"https:\/\/api.w.org\/{rel}","templated":true}]}}