{"id":870,"date":"2026-01-19T10:39:01","date_gmt":"2026-01-19T10:39:01","guid":{"rendered":"https:\/\/masdelnen.cat\/?page_id=870"},"modified":"2026-01-19T11:05:13","modified_gmt":"2026-01-19T11:05:13","slug":"politica-privacidad","status":"publish","type":"page","link":"https:\/\/masdelnen.es\/ca\/politica-privacidad\/","title":{"rendered":"Pol\u00edtica de Privadesa"},"content":{"rendered":"<div data-elementor-type=\"wp-page\" data-elementor-id=\"870\" class=\"elementor elementor-870\">\n\t\t\t\t<div class=\"elementor-element elementor-element-a63b403 e-flex e-con-boxed e-con e-parent\" data-id=\"a63b403\" data-element_type=\"container\" data-e-type=\"container\">\n\t\t\t\t\t<div class=\"e-con-inner\">\n\t\t\t\t<div class=\"elementor-element elementor-element-be8c8e8 elementor-widget elementor-widget-heading\" data-id=\"be8c8e8\" data-element_type=\"widget\" data-e-type=\"widget\" data-widget_type=\"heading.default\">\n\t\t\t\t\t<h2 class=\"elementor-heading-title elementor-size-default\">Pol\u00edtica de Privacidad de masdelnen.es<\/h2>\t\t\t\t<\/div>\n\t\t\t\t<div class=\"elementor-element elementor-element-63b70f0 elementor-widget elementor-widget-heading\" data-id=\"63b70f0\" data-element_type=\"widget\" data-e-type=\"widget\" data-widget_type=\"heading.default\">\n\t\t\t\t\t<h3 class=\"elementor-heading-title elementor-size-default\">Datos del propietario de la web:<\/h3>\t\t\t\t<\/div>\n\t\t\t\t<div class=\"elementor-element elementor-element-28e7cdf elementor-widget elementor-widget-text-editor\" data-id=\"28e7cdf\" data-element_type=\"widget\" data-e-type=\"widget\" data-widget_type=\"text-editor.default\">\n\t\t\t\t\t\t\t\t\t<ul><li>Raz\u00f3n Social: <span data-olk-copy-source=\"MessageBody\">Viticultors Mas del Nen S.L<\/span><\/li><li>NIF: <span data-olk-copy-source=\"MessageBody\">B60219938<\/span><\/li><li>Dominio: masdelnen.es<\/li><li>Direcci\u00f3n Postal: Mas del Nen, Cam\u00ed Antic de Solivella, km 2, Sarral, Solivella 43424<\/li><li>Direcci\u00f3n Electr\u00f3nica: bodegasbellod@bodegasbellod.com<\/li><li>Tel\u00e9fono: +34 607 24 50 42<\/li><\/ul>\t\t\t\t\t\t\t\t<\/div>\n\t\t\t\t<div class=\"elementor-element elementor-element-baf8224 elementor-widget elementor-widget-heading\" data-id=\"baf8224\" data-element_type=\"widget\" data-e-type=\"widget\" data-widget_type=\"heading.default\">\n\t\t\t\t\t<h3 class=\"elementor-heading-title elementor-size-default\">Protecci\u00f3n de Datos<\/h3>\t\t\t\t<\/div>\n\t\t\t\t<div class=\"elementor-element elementor-element-f0bd322 elementor-widget elementor-widget-text-editor\" data-id=\"f0bd322\" data-element_type=\"widget\" data-e-type=\"widget\" data-widget_type=\"text-editor.default\">\n\t\t\t\t\t\t\t\t\t<p>De conformidad con la normativa vigente y aplicable en protecci\u00f3n de datos de car\u00e1cter personal, le informamos que sus datos ser\u00e1n incorporados al sistema de tratamiento titularidad de <span data-olk-copy-source=\"MessageBody\">Viticultors Mas del Nen S.L<\/span> con NIF <span data-olk-copy-source=\"MessageBody\">B60219938<\/span> y domicilio social sito en Postal: Mas del Nen, Cam\u00ed Antic de Solivella, km 2, Sarral, Solivella 43424. A continuaci\u00f3n, se facilita la informaci\u00f3n de los tratamientos realizados:<\/p>\t\t\t\t\t\t\t\t<\/div>\n\t\t\t\t<div class=\"elementor-element elementor-element-6e966b7 elementor-widget elementor-widget-heading\" data-id=\"6e966b7\" data-element_type=\"widget\" data-e-type=\"widget\" data-widget_type=\"heading.default\">\n\t\t\t\t\t<h3 class=\"elementor-heading-title elementor-size-default\">Tratamientos Realizados<\/h3>\t\t\t\t<\/div>\n\t\t\t\t<div class=\"elementor-element elementor-element-0deea52 elementor-widget elementor-widget-text-editor\" data-id=\"0deea52\" data-element_type=\"widget\" data-e-type=\"widget\" data-widget_type=\"text-editor.default\">\n\t\t\t\t\t\t\t\t\t<h5 data-start=\"272\" data-end=\"317\"><strong data-start=\"276\" data-end=\"317\">Acciones comerciales \u2013 Formulario web<\/strong><\/h5><p data-start=\"319\" data-end=\"485\">Finalidad:<br data-start=\"333\" data-end=\"336\" \/>Captaci\u00f3n, registro y tratamiento de datos con la finalidad de atender sus consultas y\/o solicitudes, as\u00ed como de publicidad y prospecci\u00f3n comercial.<\/p><p data-start=\"487\" data-end=\"588\">Plazo de conservaci\u00f3n:<br data-start=\"513\" data-end=\"516\" \/>Mientras se mantenga el consentimiento prestado, salvo obligaci\u00f3n legal.<\/p><p data-start=\"590\" data-end=\"644\">Base leg\u00edtima:<br data-start=\"608\" data-end=\"611\" \/>El consentimiento del interesado.<\/p><p data-start=\"646\" data-end=\"686\">Tipolog\u00eda de datos:<br data-start=\"669\" data-end=\"672\" \/>Datos b\u00e1sicos.<\/p><p data-start=\"688\" data-end=\"752\">Datos tratados:<br data-start=\"707\" data-end=\"710\" \/>Nombre y apellidos, direcci\u00f3n electr\u00f3nica.<\/p>\t\t\t\t\t\t\t\t<\/div>\n\t\t\t\t<div class=\"elementor-element elementor-element-577a002 elementor-widget elementor-widget-text-editor\" data-id=\"577a002\" data-element_type=\"widget\" data-e-type=\"widget\" data-widget_type=\"text-editor.default\">\n\t\t\t\t\t\t\t\t\t<h5 data-start=\"759\" data-end=\"777\"><strong data-start=\"763\" data-end=\"777\">Newsletter<\/strong><\/h5><p data-start=\"779\" data-end=\"880\">Finalidad:<br data-start=\"793\" data-end=\"796\" \/>Gesti\u00f3n de la suscripci\u00f3n a la newsletter para realizar los env\u00edos correspondientes.<\/p><p data-start=\"882\" data-end=\"959\">Plazo de conservaci\u00f3n:<br data-start=\"908\" data-end=\"911\" \/>Mientras se mantenga el consentimiento prestado.<\/p><p data-start=\"961\" data-end=\"1015\">Base leg\u00edtima:<br data-start=\"979\" data-end=\"982\" \/>El consentimiento del interesado.<\/p><p data-start=\"1017\" data-end=\"1057\">Tipolog\u00eda de datos:<br data-start=\"1040\" data-end=\"1043\" \/>Datos b\u00e1sicos.<\/p><p data-start=\"1059\" data-end=\"1123\">Datos tratados:<br data-start=\"1078\" data-end=\"1081\" \/>Nombre y apellidos, direcci\u00f3n electr\u00f3nica.<\/p>\t\t\t\t\t\t\t\t<\/div>\n\t\t\t\t<div class=\"elementor-element elementor-element-0df489f elementor-widget elementor-widget-text-editor\" data-id=\"0df489f\" data-element_type=\"widget\" data-e-type=\"widget\" data-widget_type=\"text-editor.default\">\n\t\t\t\t\t\t\t\t\t<h5 data-start=\"1130\" data-end=\"1175\"><strong data-start=\"1134\" data-end=\"1175\">Gesti\u00f3n de compra de productos online<\/strong><\/h5><p data-start=\"1177\" data-end=\"1294\">Finalidad:<br data-start=\"1191\" data-end=\"1194\" \/>Captaci\u00f3n, registro y tratamiento de datos para poder gestionar el pago y el env\u00edo de los productos.<\/p><p data-start=\"1296\" data-end=\"1438\">Plazo de conservaci\u00f3n:<br data-start=\"1322\" data-end=\"1325\" \/>5 a\u00f1os en cumplimiento de la ley tributaria y 10 a\u00f1os la documentaci\u00f3n fiscal, en cumplimiento de la L.O. 7\/2012.<\/p><p data-start=\"1440\" data-end=\"1501\">Base leg\u00edtima:<br data-start=\"1458\" data-end=\"1461\" \/>El cumplimiento de una obligaci\u00f3n legal.<\/p><p data-start=\"1503\" data-end=\"1543\">Tipolog\u00eda de datos:<br data-start=\"1526\" data-end=\"1529\" \/>Datos b\u00e1sicos.<\/p><p data-start=\"1545\" data-end=\"1665\">Datos tratados:<br data-start=\"1564\" data-end=\"1567\" \/>Nombre y apellidos, direcci\u00f3n postal, direcci\u00f3n electr\u00f3nica, firma, datos econ\u00f3micos o de seguros.<\/p><p data-start=\"1667\" data-end=\"2006\">Cesiones:<br data-start=\"1680\" data-end=\"1683\" \/>Los datos ser\u00e1n comunicados, en caso de ser necesario, a la Agencia Tributaria, bancos, cajas y organismos p\u00fablicos con competencia en la materia, para cumplir con las obligaciones tributarias y fiscales establecidas en la normativa aplicable.<br data-start=\"1926\" data-end=\"1929\" \/>La base legitimadora de la cesi\u00f3n es el cumplimiento de una obligaci\u00f3n legal.<\/p>\t\t\t\t\t\t\t\t<\/div>\n\t\t\t\t<div class=\"elementor-element elementor-element-4fd5df9 elementor-widget elementor-widget-text-editor\" data-id=\"4fd5df9\" data-element_type=\"widget\" data-e-type=\"widget\" data-widget_type=\"text-editor.default\">\n\t\t\t\t\t\t\t\t\t<h5 data-start=\"2013\" data-end=\"2043\"><strong data-start=\"2017\" data-end=\"2043\">Instalaci\u00f3n de cookies<\/strong><\/h5><p data-start=\"2045\" data-end=\"2099\">Finalidad:<br data-start=\"2059\" data-end=\"2062\" \/>Gesti\u00f3n e instalaci\u00f3n de las cookies.<\/p><p data-start=\"2101\" data-end=\"2178\">Plazo de conservaci\u00f3n:<br data-start=\"2127\" data-end=\"2130\" \/>Mientras se mantenga el consentimiento prestado.<\/p><p data-start=\"2180\" data-end=\"2234\">Base leg\u00edtima:<br data-start=\"2198\" data-end=\"2201\" \/>El consentimiento del interesado.<\/p><p data-start=\"2236\" data-end=\"2276\">Tipolog\u00eda de datos:<br data-start=\"2259\" data-end=\"2262\" \/>Datos b\u00e1sicos.<\/p><p data-start=\"2278\" data-end=\"2336\">Datos tratados:<br data-start=\"2297\" data-end=\"2300\" \/>Direcci\u00f3n electr\u00f3nica, direcci\u00f3n IP.<\/p>\t\t\t\t\t\t\t\t<\/div>\n\t\t\t\t<div class=\"elementor-element elementor-element-5348009 elementor-widget elementor-widget-text-editor\" data-id=\"5348009\" data-element_type=\"widget\" data-e-type=\"widget\" data-widget_type=\"text-editor.default\">\n\t\t\t\t\t\t\t\t\t<h5 data-start=\"2343\" data-end=\"2376\"><strong data-start=\"2347\" data-end=\"2376\">Gesti\u00f3n de formulario web<\/strong><\/h5><p data-start=\"2378\" data-end=\"2433\">Finalidad:<br data-start=\"2392\" data-end=\"2395\" \/>Atender sus consultas y\/o solicitudes.<\/p><p data-start=\"2435\" data-end=\"2512\">Plazo de conservaci\u00f3n:<br data-start=\"2461\" data-end=\"2464\" \/>Mientras se mantenga el consentimiento prestado.<\/p><p data-start=\"2514\" data-end=\"2568\">Base leg\u00edtima:<br data-start=\"2532\" data-end=\"2535\" \/>El consentimiento del interesado.<\/p><p data-start=\"2570\" data-end=\"2610\">Tipolog\u00eda de datos:<br data-start=\"2593\" data-end=\"2596\" \/>Datos b\u00e1sicos.<\/p><p data-start=\"2612\" data-end=\"2690\">Datos tratados:<br data-start=\"2631\" data-end=\"2634\" \/>Nombre y apellidos, direcci\u00f3n electr\u00f3nica, direcci\u00f3n IP.<\/p>\t\t\t\t\t\t\t\t<\/div>\n\t\t\t\t<div class=\"elementor-element elementor-element-3da5f82 elementor-widget elementor-widget-text-editor\" data-id=\"3da5f82\" data-element_type=\"widget\" data-e-type=\"widget\" data-widget_type=\"text-editor.default\">\n\t\t\t\t\t\t\t\t\t<h5 data-start=\"2697\" data-end=\"2728\"><strong data-start=\"2701\" data-end=\"2728\">Gesti\u00f3n de usuarios web<\/strong><\/h5><p data-start=\"2730\" data-end=\"2802\">Finalidad:<br data-start=\"2744\" data-end=\"2747\" \/>Captaci\u00f3n, registro y tratamiento de datos del usuario.<\/p><p data-start=\"2804\" data-end=\"2905\">Plazo de conservaci\u00f3n:<br data-start=\"2830\" data-end=\"2833\" \/>Mientras se mantenga el consentimiento prestado, salvo obligaci\u00f3n legal.<\/p><p data-start=\"2907\" data-end=\"2961\">Base leg\u00edtima:<br data-start=\"2925\" data-end=\"2928\" \/>El consentimiento del interesado.<\/p><p data-start=\"2963\" data-end=\"3003\">Tipolog\u00eda de datos:<br data-start=\"2986\" data-end=\"2989\" \/>Datos b\u00e1sicos.<\/p><p data-start=\"3005\" data-end=\"3069\">Datos tratados:<br data-start=\"3024\" data-end=\"3027\" \/>Nombre y apellidos, direcci\u00f3n electr\u00f3nica.<\/p>\t\t\t\t\t\t\t\t<\/div>\n\t\t\t\t<div class=\"elementor-element elementor-element-f5a1385 elementor-widget elementor-widget-heading\" data-id=\"f5a1385\" data-element_type=\"widget\" data-e-type=\"widget\" data-widget_type=\"heading.default\">\n\t\t\t\t\t<h3 class=\"elementor-heading-title elementor-size-default\">Derechos de los interesados<\/h3>\t\t\t\t<\/div>\n\t\t\t\t<div class=\"elementor-element elementor-element-766d53d elementor-widget elementor-widget-text-editor\" data-id=\"766d53d\" data-element_type=\"widget\" data-e-type=\"widget\" data-widget_type=\"text-editor.default\">\n\t\t\t\t\t\t\t\t\t<p><span data-olk-copy-source=\"MessageBody\">Viticultors Mas del Nen S.L<\/span> informa a los Usuarios que, podr\u00e1 ejercer los derechos de acceso, rectificaci\u00f3n, limitaci\u00f3n, supresi\u00f3n, portabilidad, oposici\u00f3n al tratamiento de sus datos de car\u00e1cter personal y el derecho a no ser objeto de decisiones automatizadas, incluida la elaboraci\u00f3n de perfiles, ante el Responsable del Tratamiento, as\u00ed como a la retirada del consentimiento prestado.<\/p><ul><li><strong>Derecho de Acceso:<\/strong>\u00a0Es el derecho del usuario a obtener confirmaci\u00f3n sobre si se est\u00e1n tratando sus datos y, en tal caso, los concretos datos personales tratados y la informaci\u00f3n legal del tratamiento (finalidades, base legitimadora, plazos de conservaci\u00f3n, cesiones, origen de los datos, etc.).<\/li><li><strong>Derecho de Rectificaci\u00f3n:<\/strong>\u00a0Es el derecho del afectado a que se modifiquen los datos que resulten ser inexactos o incompletos. En relaci\u00f3n a la p\u00e1gina web, s\u00f3lo podr\u00e1 satisfacerse en relaci\u00f3n a aquella informaci\u00f3n que se encuentre bajo el control del sitio web, por ejemplo, eliminar comentarios publicados en la propia p\u00e1gina, im\u00e1genes o contenidos web donde consten datos de car\u00e1cter personal del usuario.<\/li><li><strong>Derecho a la Limitaci\u00f3n de tratamiento:<\/strong>\u00a0Es el derecho a que se limiten los fines del tratamiento previstos de forma original por el responsable del tratamiento en determinados supuestos.<\/li><li><strong>Derecho de Supresi\u00f3n:<\/strong>\u00a0Es el derecho a suprimir los datos de car\u00e1cter personal del usuario, a excepci\u00f3n de lo previsto en el propio RGPD (libertad de expresi\u00f3n e informaci\u00f3n, obligaciones de conservaci\u00f3n, formulaci\u00f3n, ejercicio o defensa de reclamaciones, etc.).<\/li><li><strong>Derecho a la Portabilidad:<\/strong>\u00a0El derecho a recibir los datos personales que el usuario haya facilitado, en un formato estructurado, de uso com\u00fan y lectura mec\u00e1nica, y a transmitirlos a otro responsable cuando el tratamiento est\u00e1 basado en el consentimiento o en la ejecuci\u00f3n de un contrato y se efect\u00fae por medios automatizados.<\/li><li><strong>Derecho de Oposici\u00f3n:<\/strong>\u00a0Es el derecho del usuario a que no se lleve a cabo el tratamiento de sus datos de car\u00e1cter personal o se cese el tratamiento de los mismos por parte del sitio web cuando el tratamiento est\u00e9 basado en el inter\u00e9s leg\u00edtimo o el inter\u00e9s p\u00fablico o cuando se trate de tratamientos de mercadotecnia directa.<\/li><li><strong>Derecho a no ser objeto de decisiones automatizadas, incluida la elaboraci\u00f3n de perfiles:<\/strong>\u00a0Cuando el tratamiento no es necesario para la celebraci\u00f3n o ejecuci\u00f3n de un contrato, ni est\u00e1 autorizado por el Derecho de la Uni\u00f3n Europea o de los Estados miembros ni se basa en el consentimiento, tiene derecho a no ser objeto de una decisi\u00f3n basada \u00fanicamente en el tratamiento automatizado, incluida la elaboraci\u00f3n de perfiles, que produzca efectos jur\u00eddicos o le afecte significativamente de modo similar.<\/li><li><strong>Derecho a retirar el consentimiento:<\/strong>\u00a0Para cualquier tratamiento basado en su consentimiento, tiene derecho a retirarlo, en cualquier momento y de manera gratuita.<\/li><\/ul><p>Para ejercer cualquiera de los derechos en materia de protecci\u00f3n de datos descritos anteriormente deber\u00e1 seguir las siguientes indicaciones:<\/p><ul><li>Presentaci\u00f3n de un escrito a la direcci\u00f3n <span data-olk-copy-source=\"MessageBody\">Mas del Nen, cam\u00ed Antic de Solivella, km 2, Sarral, Solivella 43424<\/span> (a la atenci\u00f3n de <span data-olk-copy-source=\"MessageBody\">Viticultors Mas del Nen S.L<\/span>) o bien a trav\u00e9s de correo electr\u00f3nico a por correo electr\u00f3nico a BODEGASBELLOD@BODEGASBELLOD.COM .<\/li><li>El escrito remitido por el titular de los datos personales (interesado\/a) que solicite el ejercicio de derechos deber\u00e1 tener en cuenta lo siguiente:<ul><li>Deber\u00e1 identificarse fehacientemente y, en el caso de que concurran dudas sobre la identidad del solicitante, se le solicitar\u00e1 que subsane la petici\u00f3n (p. ej. solicitando m\u00e1s informaci\u00f3n, como el n\u00famero de DNI, el documento del DNI, el correo electr\u00f3nico que aport\u00f3, etc.)<\/li><li>La solicitud puede realizarla el representante, legal o voluntario, cuando \u00e9ste est\u00e9 debidamente identificado y autorizado por el titular de los datos (mediante una autorizaci\u00f3n expresa del titular para ejercer los derechos personal\u00edsimos regulados en la normativa en materia de protecci\u00f3n de datos personales).<\/li><li>Petici\u00f3n en que se concreta la solicitud (Derecho\/s que se pretende\/n ejercer). Si no hace referencia a un tratamiento concreto se le facilitar\u00e1 respuesta en relaci\u00f3n a todos los tratamientos que afectan a sus datos de car\u00e1cter personal. Si solicita informaci\u00f3n de un tratamiento en concreto, s\u00f3lo la informaci\u00f3n de \u00e9ste. Si lo solicita por tel\u00e9fono se le indicar\u00e1 que lo haga por escrito y se le informar\u00e1 de c\u00f3mo lo puede hacer y la direcci\u00f3n a la que tiene que enviarlo. Nunca se le dar\u00e1 informaci\u00f3n por tel\u00e9fono.<\/li><li>Direcci\u00f3n postal o electr\u00f3nica a efectos de notificaciones.<\/li><li>Documentos acreditativos de la petici\u00f3n que formula, en caso de que sean necesarios.<\/li><li>La persona solicitante debe utilizar cualquier medio que permita acreditar el env\u00edo y la recepci\u00f3n de la solicitud.<\/li><\/ul><\/li><\/ul><p>Por \u00faltimo, le informamos que tiene derecho a presentar una reclamaci\u00f3n ante la Agencia Espa\u00f1ola de Protecci\u00f3n de Datos en caso de que tenga conocimiento o considere que un hecho pueda suponer un incumplimiento de la normativa aplicable en materia de protecci\u00f3n de datos.<\/p><p><span data-olk-copy-source=\"MessageBody\">Viticultors Mas del Nen S.L<\/span> se compromete a adoptar las medidas t\u00e9cnicas y organizativas necesarias, acorde al nivel de riesgos que acompa\u00f1an los tratamientos realizados por \u00e9stas e indicados en este mismo apartado, de forma que garanticen su integridad, confidencialidad y disponibilidad.<\/p>\t\t\t\t\t\t\t\t<\/div>\n\t\t\t\t\t<\/div>\n\t\t\t\t<\/div>\n\t\t\t\t<\/div>","protected":false},"excerpt":{"rendered":"<p>Pol\u00edtica de Privacidad de masdelnen.es Datos del propietario de la web: Raz\u00f3n Social: Viticultors Mas del Nen S.L NIF: B60219938 Dominio: masdelnen.es Direcci\u00f3n Postal: Mas del Nen, Cam\u00ed Antic de Solivella, km 2, Sarral, Solivella 43424 Direcci\u00f3n Electr\u00f3nica: bodegasbellod@bodegasbellod.com Tel\u00e9fono: +34 607 24 50 42 Protecci\u00f3n de Datos De conformidad con la normativa vigente y [&hellip;]<\/p>\n","protected":false},"author":1,"featured_media":0,"parent":0,"menu_order":0,"comment_status":"closed","ping_status":"closed","template":"elementor_canvas","meta":{"footnotes":""},"class_list":["post-870","page","type-page","status-publish","hentry"],"_links":{"self":[{"href":"https:\/\/masdelnen.es\/ca\/wp-json\/wp\/v2\/pages\/870","targetHints":{"allow":["GET"]}}],"collection":[{"href":"https:\/\/masdelnen.es\/ca\/wp-json\/wp\/v2\/pages"}],"about":[{"href":"https:\/\/masdelnen.es\/ca\/wp-json\/wp\/v2\/types\/page"}],"author":[{"embeddable":true,"href":"https:\/\/masdelnen.es\/ca\/wp-json\/wp\/v2\/users\/1"}],"replies":[{"embeddable":true,"href":"https:\/\/masdelnen.es\/ca\/wp-json\/wp\/v2\/comments?post=870"}],"version-history":[{"count":5,"href":"https:\/\/masdelnen.es\/ca\/wp-json\/wp\/v2\/pages\/870\/revisions"}],"predecessor-version":[{"id":916,"href":"https:\/\/masdelnen.es\/ca\/wp-json\/wp\/v2\/pages\/870\/revisions\/916"}],"wp:attachment":[{"href":"https:\/\/masdelnen.es\/ca\/wp-json\/wp\/v2\/media?parent=870"}],"curies":[{"name":"wp","href":"https:\/\/api.w.org\/{rel}","templated":true}]}}