{"id":917,"date":"2026-01-19T11:05:45","date_gmt":"2026-01-19T11:05:45","guid":{"rendered":"https:\/\/masdelnen.cat\/?page_id=917"},"modified":"2026-01-19T11:22:38","modified_gmt":"2026-01-19T11:22:38","slug":"politica-cookies","status":"publish","type":"page","link":"https:\/\/masdelnen.es\/ca\/politica-cookies\/","title":{"rendered":"Pol\u00edtica de Cookies"},"content":{"rendered":"<div data-elementor-type=\"wp-page\" data-elementor-id=\"917\" class=\"elementor elementor-917\">\n\t\t\t\t<div class=\"elementor-element elementor-element-49321f4 e-flex e-con-boxed e-con e-parent\" data-id=\"49321f4\" data-element_type=\"container\" data-e-type=\"container\">\n\t\t\t\t\t<div class=\"e-con-inner\">\n\t\t\t\t<div class=\"elementor-element elementor-element-6f67320 elementor-widget elementor-widget-heading\" data-id=\"6f67320\" data-element_type=\"widget\" data-e-type=\"widget\" data-widget_type=\"heading.default\">\n\t\t\t\t\t<h2 class=\"elementor-heading-title elementor-size-default\">Pol\u00edtica de cookies de masdelnen.es<\/h2>\t\t\t\t<\/div>\n\t\t\t\t<div class=\"elementor-element elementor-element-a954e1c elementor-widget elementor-widget-text-editor\" data-id=\"a954e1c\" data-element_type=\"widget\" data-e-type=\"widget\" data-widget_type=\"text-editor.default\">\n\t\t\t\t\t\t\t\t\t<p>Conforme a lo dispuesto en el art\u00edculo 22.2 de la Ley 34\/2002, de 11 de julio, de Servicios de la Sociedad de la Informaci\u00f3n y de Comercio Electr\u00f3nico (LSSI-CE) vigente, <span data-olk-copy-source=\"MessageBody\">Viticultors Mas del Nen S.L<\/span> debe cumplir con la obligaci\u00f3n de informar sobre las cookies que utiliza y sus finalidades.<\/p><p>Este sitio web utiliza cookies y\/o tecnolog\u00edas similares que almacenan y recuperan informaci\u00f3n cuando navegas. Las cookies permiten a una p\u00e1gina web, entre otras cosas, almacenar y recuperar informaci\u00f3n sobre los h\u00e1bitos de navegaci\u00f3n de un Usuario o de su equipo y, dependiendo de la informaci\u00f3n que contenga y de la forma en que utilice su equipo, pueden utilizarse para reconocer al Usuario.<\/p><p>Las cookies son esenciales para el funcionamiento de internet, aportando innumerables ventajas en la prestaci\u00f3n de servicios interactivos, facilit\u00e1ndole al Usuario la navegaci\u00f3n y usabilidad de nuestra web.<\/p><p>La informaci\u00f3n que le proporcionamos a continuaci\u00f3n le ayudar\u00e1 a comprender los diferentes tipos de cookies:<\/p>\t\t\t\t\t\t\t\t<\/div>\n\t\t\t\t<div class=\"elementor-element elementor-element-a276fd2 elementor-widget elementor-widget-heading\" data-id=\"a276fd2\" data-element_type=\"widget\" data-e-type=\"widget\" data-widget_type=\"heading.default\">\n\t\t\t\t\t<h3 class=\"elementor-heading-title elementor-size-default\">Tipos de cookies<\/h3>\t\t\t\t<\/div>\n\t\t\t\t<div class=\"elementor-element elementor-element-f4f885f elementor-widget elementor-widget-text-editor\" data-id=\"f4f885f\" data-element_type=\"widget\" data-e-type=\"widget\" data-widget_type=\"text-editor.default\">\n\t\t\t\t\t\t\t\t\t<h5 data-start=\"205\" data-end=\"246\"><strong data-start=\"209\" data-end=\"246\">Seg\u00fan la entidad que las gestione<\/strong><\/h5><p data-start=\"248\" data-end=\"449\"><strong data-start=\"248\" data-end=\"267\">Cookies propias<\/strong><br data-start=\"267\" data-end=\"270\" \/>Son aquellas que se env\u00edan al equipo terminal del usuario desde un equipo o dominio gestionado por el propio editor y desde el que se presta el servicio solicitado por el usuario.<\/p><p data-start=\"451\" data-end=\"672\"><strong data-start=\"451\" data-end=\"473\">Cookies de tercero<\/strong><br data-start=\"473\" data-end=\"476\" \/>Son aquellas que se env\u00edan al equipo terminal del usuario desde un equipo o dominio que no es gestionado por el editor, sino por otra entidad que trata los datos obtenidos a trav\u00e9s de las cookies.<\/p>\t\t\t\t\t\t\t\t<\/div>\n\t\t\t\t<div class=\"elementor-element elementor-element-b37c4d4 elementor-widget elementor-widget-text-editor\" data-id=\"b37c4d4\" data-element_type=\"widget\" data-e-type=\"widget\" data-widget_type=\"text-editor.default\">\n\t\t\t\t\t\t\t\t\t<h5 data-start=\"679\" data-end=\"736\"><strong data-start=\"683\" data-end=\"736\">Seg\u00fan el plazo de tiempo que permanecen activadas<\/strong><\/h5><p data-start=\"738\" data-end=\"1099\"><strong data-start=\"738\" data-end=\"759\">Cookies de sesi\u00f3n<\/strong><br data-start=\"759\" data-end=\"762\" \/>Son aquellas dise\u00f1adas para recabar y almacenar datos mientras el usuario accede a una p\u00e1gina web.<br data-start=\"860\" data-end=\"863\" \/>Se suelen emplear para almacenar informaci\u00f3n que solo interesa conservar para la prestaci\u00f3n del servicio solicitado por el usuario en una sola ocasi\u00f3n (por ejemplo, una lista de productos adquiridos) y desaparecen al terminar la sesi\u00f3n.<\/p><p data-start=\"1101\" data-end=\"1334\"><strong data-start=\"1101\" data-end=\"1125\">Cookies persistentes<\/strong><br data-start=\"1125\" data-end=\"1128\" \/>Son aquellas en las que los datos siguen almacenados en el terminal y pueden ser accedidos y tratados durante un periodo definido por el responsable de la cookie, que puede ir de unos minutos a varios a\u00f1os.<\/p>\t\t\t\t\t\t\t\t<\/div>\n\t\t\t\t<div class=\"elementor-element elementor-element-7cfd1a3 elementor-widget elementor-widget-text-editor\" data-id=\"7cfd1a3\" data-element_type=\"widget\" data-e-type=\"widget\" data-widget_type=\"text-editor.default\">\n\t\t\t\t\t\t\t\t\t<h5 data-start=\"1341\" data-end=\"1367\"><strong data-start=\"1345\" data-end=\"1367\">Seg\u00fan su finalidad<\/strong><\/h5><p data-start=\"1369\" data-end=\"1571\"><strong data-start=\"1369\" data-end=\"1389\">Cookies t\u00e9cnicas<\/strong><br data-start=\"1389\" data-end=\"1392\" \/>Son aquellas que permiten al usuario la navegaci\u00f3n a trav\u00e9s de una p\u00e1gina web, plataforma o aplicaci\u00f3n y la utilizaci\u00f3n de las diferentes opciones o servicios que en ella existan.<\/p><p data-start=\"1573\" data-end=\"1720\"><strong data-start=\"1573\" data-end=\"1603\">Cookies de personalizaci\u00f3n<\/strong><br data-start=\"1603\" data-end=\"1606\" \/>Permiten aplicar caracter\u00edsticas propias para la navegaci\u00f3n del usuario por el sitio web (por ejemplo, el idioma).<\/p><p data-start=\"1722\" data-end=\"2225\"><strong data-start=\"1722\" data-end=\"1745\">Cookies de an\u00e1lisis<\/strong><br data-start=\"1745\" data-end=\"1748\" \/>Son aquellas que permiten al responsable de las mismas el seguimiento y an\u00e1lisis del comportamiento de los usuarios de los sitios web a los que est\u00e1n vinculadas, incluida la cuantificaci\u00f3n de los impactos de los anuncios.<br data-start=\"1969\" data-end=\"1972\" \/>La informaci\u00f3n recogida mediante este tipo de cookies se utiliza en la medici\u00f3n de la actividad de los sitios web, aplicaci\u00f3n o plataforma, con el fin de introducir mejoras en funci\u00f3n del an\u00e1lisis de los datos de uso que hacen los usuarios del servicio.<\/p><p data-start=\"2227\" data-end=\"2359\"><strong data-start=\"2227\" data-end=\"2252\">Cookies publicitarias<\/strong><br data-start=\"2252\" data-end=\"2255\" \/>Permiten al editor incluir en la p\u00e1gina web espacios publicitarios, seg\u00fan el contenido de la propia web.<\/p><p data-start=\"2361\" data-end=\"2648\"><strong data-start=\"2361\" data-end=\"2401\">Cookies de publicidad comportamental<\/strong><br data-start=\"2401\" data-end=\"2404\" \/>Son aquellas que almacenan informaci\u00f3n del comportamiento de los usuarios obtenida a trav\u00e9s de la observaci\u00f3n continuada de sus h\u00e1bitos de navegaci\u00f3n, lo que permite desarrollar un perfil espec\u00edfico para mostrar publicidad en funci\u00f3n del mismo.<\/p>\t\t\t\t\t\t\t\t<\/div>\n\t\t\t\t<div class=\"elementor-element elementor-element-d38365d elementor-widget elementor-widget-text-editor\" data-id=\"d38365d\" data-element_type=\"widget\" data-e-type=\"widget\" data-widget_type=\"text-editor.default\">\n\t\t\t\t\t\t\t\t\t<p>A continuaci\u00f3n, le proporcionamos los enlaces de diversos navegadores, a trav\u00e9s de los cuales podr\u00e1 modificar la configuraci\u00f3n de su navegador sobre el uso de cookies:<\/p><ul><li><strong>Firefox:<\/strong>\u00a0<a href=\"https:\/\/support.mozilla.org\/es\/kb\/cookies-informacion-que-los-sitios-web-guardan-en-\">https:\/\/support.mozilla.org\/es\/kb\/cookies-informacion-que-los-sitios-web-guardan-en-<\/a><\/li><li><strong>Chrome:<\/strong>\u00a0<a href=\"http:\/\/support.google.com\/chrome\/bin\/answer.py?hl=es&amp;answer=95647\">http:\/\/support.google.com\/chrome\/bin\/answer.py?hl=es&amp;answer=95647<\/a><\/li><li><strong>Internet Explorer:<\/strong>\u00a0<a href=\"http:\/\/windows.microsoft.com\/es-es\/internet-explorer\/delete-manage-cookies#ie=ie-10\">http:\/\/windows.microsoft.com\/es-es\/internet-explorer\/delete-manage-cookies#ie=ie-10<\/a><\/li><li><strong>Microsoft Edge:<\/strong>\u00a0<a href=\"https:\/\/support.microsoft.com\/es-es\/microsoft-edge\/eliminar-las-cookies-en-microsoft-edge-63947406-40ac-c3b8-57b9-2a946a29ae09\">https:\/\/support.microsoft.com\/es-es\/microsoft-edge\/eliminar-las-cookies-en-microsoft-edge-63947406-40ac-c3b8-57b9-2a946a29ae09<\/a><\/li><li><strong>Safari:<\/strong>\u00a0<a href=\"https:\/\/support.apple.com\/kb\/ph17191?locale=es_ES\">https:\/\/support.apple.com\/kb\/ph17191?locale=es_ES<\/a><\/li><li><strong>Opera:<\/strong>\u00a0<a href=\"https:\/\/help.opera.com\/en\/latest\/web-preferences\/#cookies\">https:\/\/help.opera.com\/en\/latest\/web-preferences\/#cookies<\/a><\/li><\/ul>\t\t\t\t\t\t\t\t<\/div>\n\t\t\t\t\t<\/div>\n\t\t\t\t<\/div>\n\t\t\t\t<\/div>","protected":false},"excerpt":{"rendered":"<p>Pol\u00edtica de cookies de masdelnen.es Conforme a lo dispuesto en el art\u00edculo 22.2 de la Ley 34\/2002, de 11 de julio, de Servicios de la Sociedad de la Informaci\u00f3n y de Comercio Electr\u00f3nico (LSSI-CE) vigente, Viticultors Mas del Nen S.L debe cumplir con la obligaci\u00f3n de informar sobre las cookies que utiliza y sus finalidades. [&hellip;]<\/p>\n","protected":false},"author":1,"featured_media":0,"parent":0,"menu_order":0,"comment_status":"closed","ping_status":"closed","template":"elementor_canvas","meta":{"footnotes":""},"class_list":["post-917","page","type-page","status-publish","hentry"],"_links":{"self":[{"href":"https:\/\/masdelnen.es\/ca\/wp-json\/wp\/v2\/pages\/917","targetHints":{"allow":["GET"]}}],"collection":[{"href":"https:\/\/masdelnen.es\/ca\/wp-json\/wp\/v2\/pages"}],"about":[{"href":"https:\/\/masdelnen.es\/ca\/wp-json\/wp\/v2\/types\/page"}],"author":[{"embeddable":true,"href":"https:\/\/masdelnen.es\/ca\/wp-json\/wp\/v2\/users\/1"}],"replies":[{"embeddable":true,"href":"https:\/\/masdelnen.es\/ca\/wp-json\/wp\/v2\/comments?post=917"}],"version-history":[{"count":5,"href":"https:\/\/masdelnen.es\/ca\/wp-json\/wp\/v2\/pages\/917\/revisions"}],"predecessor-version":[{"id":941,"href":"https:\/\/masdelnen.es\/ca\/wp-json\/wp\/v2\/pages\/917\/revisions\/941"}],"wp:attachment":[{"href":"https:\/\/masdelnen.es\/ca\/wp-json\/wp\/v2\/media?parent=917"}],"curies":[{"name":"wp","href":"https:\/\/api.w.org\/{rel}","templated":true}]}}